{"id":18637,"date":"2023-01-27T18:08:10","date_gmt":"2023-01-27T10:08:10","guid":{"rendered":"https:\/\/hemlinegreen.htl.whale-castle.com\/de\/product\/nahttrenner-mit-sicherheitskugel-3\/"},"modified":"2023-01-30T15:53:36","modified_gmt":"2023-01-30T07:53:36","slug":"nahttrenner-mit-sicherheitskugel-3","status":"publish","type":"product","link":"https:\/\/hemlinegreen.htl.whale-castle.com\/de\/product\/nahttrenner-mit-sicherheitskugel-3\/","title":{"rendered":"Nahttrenner mit Sicherheitskugel"},"content":{"rendered":"<p>Scharfe, glatte, langlebige Schneidklinge mit Softgrip-Griff und Sicherheitsabdeckung. Die Klinge dieses hochwertigen Nahttrenners wird mit japanischen Maschinen hergestellt. Kann f\u00fcr eine Vielzahl von N\u00e4h- und allgemeinen Anwendungen verwendet werden. Ideal f\u00fcr N\u00e4hte und Knopfl\u00f6cher. Klare Kunststoffabdeckung<br \/>\nzum Schutz der Klinge. Rutschfester Softgrip-Griff.<\/p>\n","protected":false},"excerpt":{"rendered":"<p>Scharfe, glatte, langlebige Schneidklinge mit Softgrip-Griff und Sicherheitsabdeckung. Die Klinge dieses hochwertigen Nahttrenners wird mit japanischen Maschinen hergestellt. Kann f\u00fcr eine Vielzahl von N\u00e4h- und allgemeinen Anwendungen verwendet werden. Ideal f\u00fcr N\u00e4hte und Knopfl\u00f6cher. Klare Kunststoffabdeckung zum Schutz der Klinge. Rutschfester Softgrip-Griff.<\/p>\n","protected":false},"featured_media":14301,"template":"","meta":{"_mi_skip_tracking":false},"product_cat":[12239],"product_tag":[12266],"_links":{"self":[{"href":"https:\/\/hemlinegreen.htl.whale-castle.com\/de\/wp-json\/wp\/v2\/product\/18637"}],"collection":[{"href":"https:\/\/hemlinegreen.htl.whale-castle.com\/de\/wp-json\/wp\/v2\/product"}],"about":[{"href":"https:\/\/hemlinegreen.htl.whale-castle.com\/de\/wp-json\/wp\/v2\/types\/product"}],"wp:featuredmedia":[{"embeddable":true,"href":"https:\/\/hemlinegreen.htl.whale-castle.com\/de\/wp-json\/wp\/v2\/media\/14301"}],"wp:attachment":[{"href":"https:\/\/hemlinegreen.htl.whale-castle.com\/de\/wp-json\/wp\/v2\/media?parent=18637"}],"wp:term":[{"taxonomy":"product_cat","embeddable":true,"href":"https:\/\/hemlinegreen.htl.whale-castle.com\/de\/wp-json\/wp\/v2\/product_cat?post=18637"},{"taxonomy":"product_tag","embeddable":true,"href":"https:\/\/hemlinegreen.htl.whale-castle.com\/de\/wp-json\/wp\/v2\/product_tag?post=18637"}],"curies":[{"name":"wp","href":"https:\/\/api.w.org\/{rel}","templated":true}]}}