{"id":18636,"date":"2023-01-27T18:08:10","date_gmt":"2023-01-27T10:08:10","guid":{"rendered":"https:\/\/hemlinegreen.htl.whale-castle.com\/de\/product\/masband-extra-lang-und-breit\/"},"modified":"2023-01-30T15:53:36","modified_gmt":"2023-01-30T07:53:36","slug":"masband-extra-lang-und-breit","status":"publish","type":"product","link":"https:\/\/hemlinegreen.htl.whale-castle.com\/de\/product\/masband-extra-lang-und-breit\/","title":{"rendered":"Ma\u00dfband Extra lang und breit"},"content":{"rendered":"<p>Extra lang und breit. Hergestellt aus strapazierf\u00e4higem Fiberglas. Ideal zum Quilten und f\u00fcr Heimtextilien. Extra lang und breit. Hergestellt aus strapazierf\u00e4higem Fiberglas. Runde L\u00f6cher in den Metallendspitzen des Ma\u00dfbandes zum Aufh\u00e4ngen und Verankern. Das Silikonband h\u00e4lt das Ma\u00dfband sicher, wenn es nicht verwendet wird. In 10-cm-Schritten markiert.<\/p>\n","protected":false},"excerpt":{"rendered":"<p>Extra lang und breit. Hergestellt aus strapazierf\u00e4higem Fiberglas. Ideal zum Quilten und f\u00fcr Heimtextilien. Extra lang und breit. Hergestellt aus strapazierf\u00e4higem Fiberglas. Runde L\u00f6cher in den Metallendspitzen des Ma\u00dfbandes zum Aufh\u00e4ngen und Verankern. Das Silikonband h\u00e4lt das Ma\u00dfband sicher, wenn es nicht verwendet wird. In 10-cm-Schritten markiert.<\/p>\n","protected":false},"featured_media":14299,"template":"","meta":{"_mi_skip_tracking":false},"product_cat":[12258],"product_tag":[12257],"_links":{"self":[{"href":"https:\/\/hemlinegreen.htl.whale-castle.com\/de\/wp-json\/wp\/v2\/product\/18636"}],"collection":[{"href":"https:\/\/hemlinegreen.htl.whale-castle.com\/de\/wp-json\/wp\/v2\/product"}],"about":[{"href":"https:\/\/hemlinegreen.htl.whale-castle.com\/de\/wp-json\/wp\/v2\/types\/product"}],"wp:featuredmedia":[{"embeddable":true,"href":"https:\/\/hemlinegreen.htl.whale-castle.com\/de\/wp-json\/wp\/v2\/media\/14299"}],"wp:attachment":[{"href":"https:\/\/hemlinegreen.htl.whale-castle.com\/de\/wp-json\/wp\/v2\/media?parent=18636"}],"wp:term":[{"taxonomy":"product_cat","embeddable":true,"href":"https:\/\/hemlinegreen.htl.whale-castle.com\/de\/wp-json\/wp\/v2\/product_cat?post=18636"},{"taxonomy":"product_tag","embeddable":true,"href":"https:\/\/hemlinegreen.htl.whale-castle.com\/de\/wp-json\/wp\/v2\/product_tag?post=18636"}],"curies":[{"name":"wp","href":"https:\/\/api.w.org\/{rel}","templated":true}]}}