{"id":18635,"date":"2023-01-27T18:08:09","date_gmt":"2023-01-27T10:08:09","guid":{"rendered":"https:\/\/hemlinegreen.htl.whale-castle.com\/de\/product\/einziehbar-masband-2\/"},"modified":"2023-01-30T15:53:36","modified_gmt":"2023-01-30T07:53:36","slug":"einziehbar-masband-2","status":"publish","type":"product","link":"https:\/\/hemlinegreen.htl.whale-castle.com\/de\/product\/einziehbar-masband-2\/","title":{"rendered":"Einziehbar Ma\u00dfband"},"content":{"rendered":"<p>Einziehbar. Metrische und imperiale Ma\u00dfe. Federmechanismus f\u00fcr einfaches L\u00f6sen und Einziehen. Mit Fiberglas verst\u00e4rkt, um ein Dehnen und Verziehen zu verhindern. Kompakte Gr\u00f6\u00dfe mit praktischem Schl\u00fcsselring, einfach zu verstauen.<\/p>\n","protected":false},"excerpt":{"rendered":"<p>Einziehbar. Metrische und imperiale Ma\u00dfe. Federmechanismus f\u00fcr einfaches L\u00f6sen und Einziehen. Mit Fiberglas verst\u00e4rkt, um ein Dehnen und Verziehen zu verhindern. Kompakte Gr\u00f6\u00dfe mit praktischem Schl\u00fcsselring, einfach zu verstauen.<\/p>\n","protected":false},"featured_media":14297,"template":"","meta":{"_mi_skip_tracking":false},"product_cat":[12449],"product_tag":[12448],"_links":{"self":[{"href":"https:\/\/hemlinegreen.htl.whale-castle.com\/de\/wp-json\/wp\/v2\/product\/18635"}],"collection":[{"href":"https:\/\/hemlinegreen.htl.whale-castle.com\/de\/wp-json\/wp\/v2\/product"}],"about":[{"href":"https:\/\/hemlinegreen.htl.whale-castle.com\/de\/wp-json\/wp\/v2\/types\/product"}],"wp:featuredmedia":[{"embeddable":true,"href":"https:\/\/hemlinegreen.htl.whale-castle.com\/de\/wp-json\/wp\/v2\/media\/14297"}],"wp:attachment":[{"href":"https:\/\/hemlinegreen.htl.whale-castle.com\/de\/wp-json\/wp\/v2\/media?parent=18635"}],"wp:term":[{"taxonomy":"product_cat","embeddable":true,"href":"https:\/\/hemlinegreen.htl.whale-castle.com\/de\/wp-json\/wp\/v2\/product_cat?post=18635"},{"taxonomy":"product_tag","embeddable":true,"href":"https:\/\/hemlinegreen.htl.whale-castle.com\/de\/wp-json\/wp\/v2\/product_tag?post=18635"}],"curies":[{"name":"wp","href":"https:\/\/api.w.org\/{rel}","templated":true}]}}