{"id":18634,"date":"2023-01-27T18:08:09","date_gmt":"2023-01-27T10:08:09","guid":{"rendered":"https:\/\/hemlinegreen.htl.whale-castle.com\/de\/product\/extra-lang-einziehbar-masband\/"},"modified":"2023-01-30T15:53:36","modified_gmt":"2023-01-30T07:53:36","slug":"extra-lang-einziehbar-masband","status":"publish","type":"product","link":"https:\/\/hemlinegreen.htl.whale-castle.com\/de\/product\/extra-lang-einziehbar-masband\/","title":{"rendered":"Extra lang Einziehbar Ma\u00dfband"},"content":{"rendered":"<p>Extra lang, Einziehbar. Extra langes, doppelseitiges Ma\u00dfband mit extra gro\u00dfer Zahl zum einfachen Ablesen. Metrische und imperiale Ma\u00dfe. Federmechanismus f\u00fcr einfaches L\u00f6sen und Einziehen. Mit Fiberglas verst\u00e4rkt, um<br \/>\nein Dehnen und Verziehen zu verhindern.<\/p>\n","protected":false},"excerpt":{"rendered":"<p>Extra lang, Einziehbar. Extra langes, doppelseitiges Ma\u00dfband mit extra gro\u00dfer Zahl zum einfachen Ablesen. Metrische und imperiale Ma\u00dfe. Federmechanismus f\u00fcr einfaches L\u00f6sen und Einziehen. Mit Fiberglas verst\u00e4rkt, um ein Dehnen und Verziehen zu verhindern.<\/p>\n","protected":false},"featured_media":14295,"template":"","meta":{"_mi_skip_tracking":false},"product_cat":[12449],"product_tag":[12450],"_links":{"self":[{"href":"https:\/\/hemlinegreen.htl.whale-castle.com\/de\/wp-json\/wp\/v2\/product\/18634"}],"collection":[{"href":"https:\/\/hemlinegreen.htl.whale-castle.com\/de\/wp-json\/wp\/v2\/product"}],"about":[{"href":"https:\/\/hemlinegreen.htl.whale-castle.com\/de\/wp-json\/wp\/v2\/types\/product"}],"wp:featuredmedia":[{"embeddable":true,"href":"https:\/\/hemlinegreen.htl.whale-castle.com\/de\/wp-json\/wp\/v2\/media\/14295"}],"wp:attachment":[{"href":"https:\/\/hemlinegreen.htl.whale-castle.com\/de\/wp-json\/wp\/v2\/media?parent=18634"}],"wp:term":[{"taxonomy":"product_cat","embeddable":true,"href":"https:\/\/hemlinegreen.htl.whale-castle.com\/de\/wp-json\/wp\/v2\/product_cat?post=18634"},{"taxonomy":"product_tag","embeddable":true,"href":"https:\/\/hemlinegreen.htl.whale-castle.com\/de\/wp-json\/wp\/v2\/product_tag?post=18634"}],"curies":[{"name":"wp","href":"https:\/\/api.w.org\/{rel}","templated":true}]}}