{"id":18633,"date":"2023-01-27T18:08:08","date_gmt":"2023-01-27T10:08:08","guid":{"rendered":"https:\/\/hemlinegreen.htl.whale-castle.com\/de\/product\/einziehbar-masband\/"},"modified":"2023-01-30T15:53:36","modified_gmt":"2023-01-30T07:53:36","slug":"einziehbar-masband","status":"publish","type":"product","link":"https:\/\/hemlinegreen.htl.whale-castle.com\/de\/product\/einziehbar-masband\/","title":{"rendered":"Einziehbar Ma\u00dfband"},"content":{"rendered":"<p>Metrische und imperiale Ma\u00dfeinheiten. Hochwertiges, einziehbares Ma\u00dfband aus Glasfaser. Mit Aufh\u00e4ngeloch f\u00fcr<br \/>\nSchl\u00fcsselband etc. Mit Magnet zur einfachen Aufbewahrung. Reibungslos Einziehen des Ma\u00dfbandes.<\/p>\n","protected":false},"excerpt":{"rendered":"<p>Metrische und imperiale Ma\u00dfeinheiten. Hochwertiges, einziehbares Ma\u00dfband aus Glasfaser. Mit Aufh\u00e4ngeloch f\u00fcr Schl\u00fcsselband etc. Mit Magnet zur einfachen Aufbewahrung. Reibungslos Einziehen des Ma\u00dfbandes.<\/p>\n","protected":false},"featured_media":14293,"template":"","meta":{"_mi_skip_tracking":false},"product_cat":[12449],"product_tag":[12448],"_links":{"self":[{"href":"https:\/\/hemlinegreen.htl.whale-castle.com\/de\/wp-json\/wp\/v2\/product\/18633"}],"collection":[{"href":"https:\/\/hemlinegreen.htl.whale-castle.com\/de\/wp-json\/wp\/v2\/product"}],"about":[{"href":"https:\/\/hemlinegreen.htl.whale-castle.com\/de\/wp-json\/wp\/v2\/types\/product"}],"wp:featuredmedia":[{"embeddable":true,"href":"https:\/\/hemlinegreen.htl.whale-castle.com\/de\/wp-json\/wp\/v2\/media\/14293"}],"wp:attachment":[{"href":"https:\/\/hemlinegreen.htl.whale-castle.com\/de\/wp-json\/wp\/v2\/media?parent=18633"}],"wp:term":[{"taxonomy":"product_cat","embeddable":true,"href":"https:\/\/hemlinegreen.htl.whale-castle.com\/de\/wp-json\/wp\/v2\/product_cat?post=18633"},{"taxonomy":"product_tag","embeddable":true,"href":"https:\/\/hemlinegreen.htl.whale-castle.com\/de\/wp-json\/wp\/v2\/product_tag?post=18633"}],"curies":[{"name":"wp","href":"https:\/\/api.w.org\/{rel}","templated":true}]}}