{"id":18632,"date":"2023-01-27T18:08:08","date_gmt":"2023-01-27T10:08:08","guid":{"rendered":"https:\/\/hemlinegreen.htl.whale-castle.com\/de\/product\/durchziehnadeln-mit-kugelspitze\/"},"modified":"2023-01-30T15:53:35","modified_gmt":"2023-01-30T07:53:35","slug":"durchziehnadeln-mit-kugelspitze","status":"publish","type":"product","link":"https:\/\/hemlinegreen.htl.whale-castle.com\/de\/product\/durchziehnadeln-mit-kugelspitze\/","title":{"rendered":"Durchziehnadeln mit Kugelspitze"},"content":{"rendered":"<p>Zum B\u00e4ndchenweben, Einlegen von Elastik und Drehen von Schr\u00e4gb\u00e4ndern. Kann mit B\u00e4ndern, Gummib\u00e4ndern<br \/>\nund Schr\u00e4gb\u00e4ndern verwendet werden. <\/p>\n","protected":false},"excerpt":{"rendered":"<p>Zum B\u00e4ndchenweben, Einlegen von Elastik und Drehen von Schr\u00e4gb\u00e4ndern. Kann mit B\u00e4ndern, Gummib\u00e4ndern und Schr\u00e4gb\u00e4ndern verwendet werden.<\/p>\n","protected":false},"featured_media":14291,"template":"","meta":{"_mi_skip_tracking":false},"product_cat":[12447],"product_tag":[12446],"_links":{"self":[{"href":"https:\/\/hemlinegreen.htl.whale-castle.com\/de\/wp-json\/wp\/v2\/product\/18632"}],"collection":[{"href":"https:\/\/hemlinegreen.htl.whale-castle.com\/de\/wp-json\/wp\/v2\/product"}],"about":[{"href":"https:\/\/hemlinegreen.htl.whale-castle.com\/de\/wp-json\/wp\/v2\/types\/product"}],"wp:featuredmedia":[{"embeddable":true,"href":"https:\/\/hemlinegreen.htl.whale-castle.com\/de\/wp-json\/wp\/v2\/media\/14291"}],"wp:attachment":[{"href":"https:\/\/hemlinegreen.htl.whale-castle.com\/de\/wp-json\/wp\/v2\/media?parent=18632"}],"wp:term":[{"taxonomy":"product_cat","embeddable":true,"href":"https:\/\/hemlinegreen.htl.whale-castle.com\/de\/wp-json\/wp\/v2\/product_cat?post=18632"},{"taxonomy":"product_tag","embeddable":true,"href":"https:\/\/hemlinegreen.htl.whale-castle.com\/de\/wp-json\/wp\/v2\/product_tag?post=18632"}],"curies":[{"name":"wp","href":"https:\/\/api.w.org\/{rel}","templated":true}]}}