{"id":18631,"date":"2023-01-27T18:08:03","date_gmt":"2023-01-27T10:08:03","guid":{"rendered":"https:\/\/hemlinegreen.htl.whale-castle.com\/de\/product\/nahgarn-100-polyester-weis\/"},"modified":"2023-01-30T15:53:28","modified_gmt":"2023-01-30T07:53:28","slug":"nahgarn-100-polyester-weis","status":"publish","type":"product","link":"https:\/\/hemlinegreen.htl.whale-castle.com\/de\/product\/nahgarn-100-polyester-weis\/","title":{"rendered":"N\u00e4hgarn 100 % Polyester Wei\u00df"},"content":{"rendered":"<p>100 % Polyester. Ideal f\u00fcr allgemeine N\u00e4harbeiten und Reparaturen. Mehrzweckfaden. Sehr langer Faden, langlebig.<\/p>\n","protected":false},"excerpt":{"rendered":"<p>100 % Polyester. Ideal f\u00fcr allgemeine N\u00e4harbeiten und Reparaturen. Mehrzweckfaden. Sehr langer Faden, langlebig.<\/p>\n","protected":false},"featured_media":14289,"template":"","meta":{"_mi_skip_tracking":false},"product_cat":[12445],"product_tag":[12444],"_links":{"self":[{"href":"https:\/\/hemlinegreen.htl.whale-castle.com\/de\/wp-json\/wp\/v2\/product\/18631"}],"collection":[{"href":"https:\/\/hemlinegreen.htl.whale-castle.com\/de\/wp-json\/wp\/v2\/product"}],"about":[{"href":"https:\/\/hemlinegreen.htl.whale-castle.com\/de\/wp-json\/wp\/v2\/types\/product"}],"wp:featuredmedia":[{"embeddable":true,"href":"https:\/\/hemlinegreen.htl.whale-castle.com\/de\/wp-json\/wp\/v2\/media\/14289"}],"wp:attachment":[{"href":"https:\/\/hemlinegreen.htl.whale-castle.com\/de\/wp-json\/wp\/v2\/media?parent=18631"}],"wp:term":[{"taxonomy":"product_cat","embeddable":true,"href":"https:\/\/hemlinegreen.htl.whale-castle.com\/de\/wp-json\/wp\/v2\/product_cat?post=18631"},{"taxonomy":"product_tag","embeddable":true,"href":"https:\/\/hemlinegreen.htl.whale-castle.com\/de\/wp-json\/wp\/v2\/product_tag?post=18631"}],"curies":[{"name":"wp","href":"https:\/\/api.w.org\/{rel}","templated":true}]}}