{"id":18630,"date":"2023-01-27T18:08:02","date_gmt":"2023-01-27T10:08:02","guid":{"rendered":"https:\/\/hemlinegreen.htl.whale-castle.com\/de\/product\/nahgarn-100-polyester-natur\/"},"modified":"2023-01-30T15:53:28","modified_gmt":"2023-01-30T07:53:28","slug":"nahgarn-100-polyester-natur","status":"publish","type":"product","link":"https:\/\/hemlinegreen.htl.whale-castle.com\/de\/product\/nahgarn-100-polyester-natur\/","title":{"rendered":"N\u00e4hgarn 100 % Polyester Natur"},"content":{"rendered":"<p>100 % Polyester. Ideal f\u00fcr allgemeine N\u00e4harbeiten und Reparaturen. Mehrzweckfaden. Sehr langer Faden, langlebig.<\/p>\n","protected":false},"excerpt":{"rendered":"<p>100 % Polyester. Ideal f\u00fcr allgemeine N\u00e4harbeiten und Reparaturen. Mehrzweckfaden. Sehr langer Faden, langlebig.<\/p>\n","protected":false},"featured_media":14287,"template":"","meta":{"_mi_skip_tracking":false},"product_cat":[12445],"product_tag":[12444],"_links":{"self":[{"href":"https:\/\/hemlinegreen.htl.whale-castle.com\/de\/wp-json\/wp\/v2\/product\/18630"}],"collection":[{"href":"https:\/\/hemlinegreen.htl.whale-castle.com\/de\/wp-json\/wp\/v2\/product"}],"about":[{"href":"https:\/\/hemlinegreen.htl.whale-castle.com\/de\/wp-json\/wp\/v2\/types\/product"}],"wp:featuredmedia":[{"embeddable":true,"href":"https:\/\/hemlinegreen.htl.whale-castle.com\/de\/wp-json\/wp\/v2\/media\/14287"}],"wp:attachment":[{"href":"https:\/\/hemlinegreen.htl.whale-castle.com\/de\/wp-json\/wp\/v2\/media?parent=18630"}],"wp:term":[{"taxonomy":"product_cat","embeddable":true,"href":"https:\/\/hemlinegreen.htl.whale-castle.com\/de\/wp-json\/wp\/v2\/product_cat?post=18630"},{"taxonomy":"product_tag","embeddable":true,"href":"https:\/\/hemlinegreen.htl.whale-castle.com\/de\/wp-json\/wp\/v2\/product_tag?post=18630"}],"curies":[{"name":"wp","href":"https:\/\/api.w.org\/{rel}","templated":true}]}}