{"id":18627,"date":"2023-01-27T18:08:01","date_gmt":"2023-01-27T10:08:01","guid":{"rendered":"https:\/\/hemlinegreen.htl.whale-castle.com\/de\/product\/nahgarn-100-polyester-extra-stark-schwarz\/"},"modified":"2023-01-30T15:53:28","modified_gmt":"2023-01-30T07:53:28","slug":"nahgarn-100-polyester-extra-stark-schwarz","status":"publish","type":"product","link":"https:\/\/hemlinegreen.htl.whale-castle.com\/de\/product\/nahgarn-100-polyester-extra-stark-schwarz\/","title":{"rendered":"N\u00e4hgarn 100 % Polyester Extra stark Schwarz"},"content":{"rendered":"<p>100 % Polyester. Extra stark. Geeignet f\u00fcr Polster, Leder, Denim, Schuhe, Kn\u00f6pfe etc. Verschlei\u00dffest. Reduziert Fadenbruch.<\/p>\n","protected":false},"excerpt":{"rendered":"<p>100 % Polyester. Extra stark. Geeignet f\u00fcr Polster, Leder, Denim, Schuhe, Kn\u00f6pfe etc. Verschlei\u00dffest. Reduziert Fadenbruch.<\/p>\n","protected":false},"featured_media":14281,"template":"","meta":{"_mi_skip_tracking":false},"product_cat":[12445],"product_tag":[12444],"_links":{"self":[{"href":"https:\/\/hemlinegreen.htl.whale-castle.com\/de\/wp-json\/wp\/v2\/product\/18627"}],"collection":[{"href":"https:\/\/hemlinegreen.htl.whale-castle.com\/de\/wp-json\/wp\/v2\/product"}],"about":[{"href":"https:\/\/hemlinegreen.htl.whale-castle.com\/de\/wp-json\/wp\/v2\/types\/product"}],"wp:featuredmedia":[{"embeddable":true,"href":"https:\/\/hemlinegreen.htl.whale-castle.com\/de\/wp-json\/wp\/v2\/media\/14281"}],"wp:attachment":[{"href":"https:\/\/hemlinegreen.htl.whale-castle.com\/de\/wp-json\/wp\/v2\/media?parent=18627"}],"wp:term":[{"taxonomy":"product_cat","embeddable":true,"href":"https:\/\/hemlinegreen.htl.whale-castle.com\/de\/wp-json\/wp\/v2\/product_cat?post=18627"},{"taxonomy":"product_tag","embeddable":true,"href":"https:\/\/hemlinegreen.htl.whale-castle.com\/de\/wp-json\/wp\/v2\/product_tag?post=18627"}],"curies":[{"name":"wp","href":"https:\/\/api.w.org\/{rel}","templated":true}]}}