{"id":18625,"date":"2023-01-27T18:08:00","date_gmt":"2023-01-27T10:08:00","guid":{"rendered":"https:\/\/hemlinegreen.htl.whale-castle.com\/de\/product\/automatischer-nadeleinfadler\/"},"modified":"2023-01-30T15:53:28","modified_gmt":"2023-01-30T07:53:28","slug":"automatischer-nadeleinfadler","status":"publish","type":"product","link":"https:\/\/hemlinegreen.htl.whale-castle.com\/de\/product\/automatischer-nadeleinfadler\/","title":{"rendered":"Automatischer Nadeleinf\u00e4dler"},"content":{"rendered":"<p>Erleichtert das Einf\u00e4deln von N\u00e4hnadeln. Zweifache \u00d6ffnung f\u00fcr kleine und gro\u00dfe Nadeln.<\/p>\n","protected":false},"excerpt":{"rendered":"<p>Erleichtert das Einf\u00e4deln von N\u00e4hnadeln. Zweifache \u00d6ffnung f\u00fcr kleine und gro\u00dfe Nadeln.<\/p>\n","protected":false},"featured_media":14277,"template":"","meta":{"_mi_skip_tracking":false},"product_cat":[12443],"product_tag":[12442],"_links":{"self":[{"href":"https:\/\/hemlinegreen.htl.whale-castle.com\/de\/wp-json\/wp\/v2\/product\/18625"}],"collection":[{"href":"https:\/\/hemlinegreen.htl.whale-castle.com\/de\/wp-json\/wp\/v2\/product"}],"about":[{"href":"https:\/\/hemlinegreen.htl.whale-castle.com\/de\/wp-json\/wp\/v2\/types\/product"}],"wp:featuredmedia":[{"embeddable":true,"href":"https:\/\/hemlinegreen.htl.whale-castle.com\/de\/wp-json\/wp\/v2\/media\/14277"}],"wp:attachment":[{"href":"https:\/\/hemlinegreen.htl.whale-castle.com\/de\/wp-json\/wp\/v2\/media?parent=18625"}],"wp:term":[{"taxonomy":"product_cat","embeddable":true,"href":"https:\/\/hemlinegreen.htl.whale-castle.com\/de\/wp-json\/wp\/v2\/product_cat?post=18625"},{"taxonomy":"product_tag","embeddable":true,"href":"https:\/\/hemlinegreen.htl.whale-castle.com\/de\/wp-json\/wp\/v2\/product_tag?post=18625"}],"curies":[{"name":"wp","href":"https:\/\/api.w.org\/{rel}","templated":true}]}}