{"id":18624,"date":"2023-01-27T18:07:59","date_gmt":"2023-01-27T10:07:59","guid":{"rendered":"https:\/\/hemlinegreen.htl.whale-castle.com\/de\/product\/nadeleinfadler-4\/"},"modified":"2023-01-30T15:53:28","modified_gmt":"2023-01-30T07:53:28","slug":"nadeleinfadler-4","status":"publish","type":"product","link":"https:\/\/hemlinegreen.htl.whale-castle.com\/de\/product\/nadeleinfadler-4\/","title":{"rendered":"Nadeleinf\u00e4dler"},"content":{"rendered":"<p>F\u00fcr lange und gro\u00dfe Nadel\u00f6hr-N\u00e4hnadeln. Hergestellt aus hochwertigem Stahl. Ideal f\u00fcr lange oder gro\u00dfe Stick- oder Kreuzstichnadeln. Einfach und praktisch zu verwenden.<\/p>\n","protected":false},"excerpt":{"rendered":"<p>F\u00fcr lange und gro\u00dfe Nadel\u00f6hr-N\u00e4hnadeln. Hergestellt aus hochwertigem Stahl. Ideal f\u00fcr lange oder gro\u00dfe Stick- oder Kreuzstichnadeln. Einfach und praktisch zu verwenden.<\/p>\n","protected":false},"featured_media":14275,"template":"","meta":{"_mi_skip_tracking":false},"product_cat":[12241],"product_tag":[12240],"_links":{"self":[{"href":"https:\/\/hemlinegreen.htl.whale-castle.com\/de\/wp-json\/wp\/v2\/product\/18624"}],"collection":[{"href":"https:\/\/hemlinegreen.htl.whale-castle.com\/de\/wp-json\/wp\/v2\/product"}],"about":[{"href":"https:\/\/hemlinegreen.htl.whale-castle.com\/de\/wp-json\/wp\/v2\/types\/product"}],"wp:featuredmedia":[{"embeddable":true,"href":"https:\/\/hemlinegreen.htl.whale-castle.com\/de\/wp-json\/wp\/v2\/media\/14275"}],"wp:attachment":[{"href":"https:\/\/hemlinegreen.htl.whale-castle.com\/de\/wp-json\/wp\/v2\/media?parent=18624"}],"wp:term":[{"taxonomy":"product_cat","embeddable":true,"href":"https:\/\/hemlinegreen.htl.whale-castle.com\/de\/wp-json\/wp\/v2\/product_cat?post=18624"},{"taxonomy":"product_tag","embeddable":true,"href":"https:\/\/hemlinegreen.htl.whale-castle.com\/de\/wp-json\/wp\/v2\/product_tag?post=18624"}],"curies":[{"name":"wp","href":"https:\/\/api.w.org\/{rel}","templated":true}]}}