{"id":18622,"date":"2023-01-27T18:07:58","date_gmt":"2023-01-27T10:07:58","guid":{"rendered":"https:\/\/hemlinegreen.htl.whale-castle.com\/de\/product\/nadeleinfadler-3-verschiedene\/"},"modified":"2023-01-30T15:53:27","modified_gmt":"2023-01-30T07:53:27","slug":"nadeleinfadler-3-verschiedene","status":"publish","type":"product","link":"https:\/\/hemlinegreen.htl.whale-castle.com\/de\/product\/nadeleinfadler-3-verschiedene\/","title":{"rendered":"Nadeleinf\u00e4dler 3 Verschiedene"},"content":{"rendered":"<p>Geeignet f\u00fcr alle Nadelarten zum N\u00e4hen, Stricken, Basteln usw. 3 verschiedene Nadeleinf\u00e4dlertypen. Ideal f\u00fcr alle Garn-, Bastelund N\u00e4hzwecke.<\/p>\n","protected":false},"excerpt":{"rendered":"<p>Geeignet f\u00fcr alle Nadelarten zum N\u00e4hen, Stricken, Basteln usw. 3 verschiedene Nadeleinf\u00e4dlertypen. Ideal f\u00fcr alle Garn-, Bastelund N\u00e4hzwecke.<\/p>\n","protected":false},"featured_media":14271,"template":"","meta":{"_mi_skip_tracking":false},"product_cat":[12241],"product_tag":[12240],"_links":{"self":[{"href":"https:\/\/hemlinegreen.htl.whale-castle.com\/de\/wp-json\/wp\/v2\/product\/18622"}],"collection":[{"href":"https:\/\/hemlinegreen.htl.whale-castle.com\/de\/wp-json\/wp\/v2\/product"}],"about":[{"href":"https:\/\/hemlinegreen.htl.whale-castle.com\/de\/wp-json\/wp\/v2\/types\/product"}],"wp:featuredmedia":[{"embeddable":true,"href":"https:\/\/hemlinegreen.htl.whale-castle.com\/de\/wp-json\/wp\/v2\/media\/14271"}],"wp:attachment":[{"href":"https:\/\/hemlinegreen.htl.whale-castle.com\/de\/wp-json\/wp\/v2\/media?parent=18622"}],"wp:term":[{"taxonomy":"product_cat","embeddable":true,"href":"https:\/\/hemlinegreen.htl.whale-castle.com\/de\/wp-json\/wp\/v2\/product_cat?post=18622"},{"taxonomy":"product_tag","embeddable":true,"href":"https:\/\/hemlinegreen.htl.whale-castle.com\/de\/wp-json\/wp\/v2\/product_tag?post=18622"}],"curies":[{"name":"wp","href":"https:\/\/api.w.org\/{rel}","templated":true}]}}