{"id":18621,"date":"2023-01-27T18:07:58","date_gmt":"2023-01-27T10:07:58","guid":{"rendered":"https:\/\/hemlinegreen.htl.whale-castle.com\/de\/product\/stopfpilz\/"},"modified":"2023-01-30T15:53:27","modified_gmt":"2023-01-30T07:53:27","slug":"stopfpilz","status":"publish","type":"product","link":"https:\/\/hemlinegreen.htl.whale-castle.com\/de\/product\/stopfpilz\/","title":{"rendered":"Stopfpilz"},"content":{"rendered":"<p>Glatter Stopfpilz aus Holz Zum stopfen von L\u00f6chern in Socken, \u00c4rmeln und anderen Kleidungsst\u00fccken.<\/p>\n","protected":false},"excerpt":{"rendered":"<p>Glatter Stopfpilz aus Holz Zum stopfen von L\u00f6chern in Socken, \u00c4rmeln und anderen Kleidungsst\u00fccken.<\/p>\n","protected":false},"featured_media":14269,"template":"","meta":{"_mi_skip_tracking":false},"product_cat":[12439],"product_tag":[12438],"_links":{"self":[{"href":"https:\/\/hemlinegreen.htl.whale-castle.com\/de\/wp-json\/wp\/v2\/product\/18621"}],"collection":[{"href":"https:\/\/hemlinegreen.htl.whale-castle.com\/de\/wp-json\/wp\/v2\/product"}],"about":[{"href":"https:\/\/hemlinegreen.htl.whale-castle.com\/de\/wp-json\/wp\/v2\/types\/product"}],"wp:featuredmedia":[{"embeddable":true,"href":"https:\/\/hemlinegreen.htl.whale-castle.com\/de\/wp-json\/wp\/v2\/media\/14269"}],"wp:attachment":[{"href":"https:\/\/hemlinegreen.htl.whale-castle.com\/de\/wp-json\/wp\/v2\/media?parent=18621"}],"wp:term":[{"taxonomy":"product_cat","embeddable":true,"href":"https:\/\/hemlinegreen.htl.whale-castle.com\/de\/wp-json\/wp\/v2\/product_cat?post=18621"},{"taxonomy":"product_tag","embeddable":true,"href":"https:\/\/hemlinegreen.htl.whale-castle.com\/de\/wp-json\/wp\/v2\/product_tag?post=18621"}],"curies":[{"name":"wp","href":"https:\/\/api.w.org\/{rel}","templated":true}]}}