{"id":18620,"date":"2023-01-27T18:07:58","date_gmt":"2023-01-27T10:07:58","guid":{"rendered":"https:\/\/hemlinegreen.htl.whale-castle.com\/de\/product\/wollnadeln-2\/"},"modified":"2023-01-30T15:53:27","modified_gmt":"2023-01-30T07:53:27","slug":"wollnadeln-2","status":"publish","type":"product","link":"https:\/\/hemlinegreen.htl.whale-castle.com\/de\/product\/wollnadeln-2\/","title":{"rendered":"Wollnadeln"},"content":{"rendered":"<p>2 Gr\u00f6\u00dfen f\u00fcr unterschiedliche Garnst\u00e4rken. Sicher in der Anwendung und einfach einzuf\u00e4deln. Zum Zusammenn\u00e4hen von gestrickten oder geh\u00e4kelten Kleidungsst\u00fccken. Nadeln sind flexibel und einfach zu<br \/>\nverwenden.<\/p>\n","protected":false},"excerpt":{"rendered":"<p>2 Gr\u00f6\u00dfen f\u00fcr unterschiedliche Garnst\u00e4rken. Sicher in der Anwendung und einfach einzuf\u00e4deln. Zum Zusammenn\u00e4hen von gestrickten oder geh\u00e4kelten Kleidungsst\u00fccken. Nadeln sind flexibel und einfach zu verwenden.<\/p>\n","protected":false},"featured_media":14267,"template":"","meta":{"_mi_skip_tracking":false},"product_cat":[12221],"product_tag":[12220],"_links":{"self":[{"href":"https:\/\/hemlinegreen.htl.whale-castle.com\/de\/wp-json\/wp\/v2\/product\/18620"}],"collection":[{"href":"https:\/\/hemlinegreen.htl.whale-castle.com\/de\/wp-json\/wp\/v2\/product"}],"about":[{"href":"https:\/\/hemlinegreen.htl.whale-castle.com\/de\/wp-json\/wp\/v2\/types\/product"}],"wp:featuredmedia":[{"embeddable":true,"href":"https:\/\/hemlinegreen.htl.whale-castle.com\/de\/wp-json\/wp\/v2\/media\/14267"}],"wp:attachment":[{"href":"https:\/\/hemlinegreen.htl.whale-castle.com\/de\/wp-json\/wp\/v2\/media?parent=18620"}],"wp:term":[{"taxonomy":"product_cat","embeddable":true,"href":"https:\/\/hemlinegreen.htl.whale-castle.com\/de\/wp-json\/wp\/v2\/product_cat?post=18620"},{"taxonomy":"product_tag","embeddable":true,"href":"https:\/\/hemlinegreen.htl.whale-castle.com\/de\/wp-json\/wp\/v2\/product_tag?post=18620"}],"curies":[{"name":"wp","href":"https:\/\/api.w.org\/{rel}","templated":true}]}}