{"id":18617,"date":"2023-01-27T18:07:56","date_gmt":"2023-01-27T10:07:56","guid":{"rendered":"https:\/\/hemlinegreen.htl.whale-castle.com\/de\/product\/gluhbirne-typ-d\/"},"modified":"2023-01-30T15:53:27","modified_gmt":"2023-01-30T07:53:27","slug":"gluhbirne-typ-d","status":"publish","type":"product","link":"https:\/\/hemlinegreen.htl.whale-castle.com\/de\/product\/gluhbirne-typ-d\/","title":{"rendered":"Gl\u00fchbirne Typ D"},"content":{"rendered":"<p>Typ D. Zum Einschrauben. Klein. Geeignet f\u00fcr N\u00e4hmaschinen und andere Ger\u00e4te. Kleine Gl\u00fchbirne zum einschrauben 15 W 240 V. Geeignet f\u00fcr \u00e4ltere japanische Maschinen, einige Singer-Modelle und einige Overlocker\/Serger.<\/p>\n","protected":false},"excerpt":{"rendered":"<p>Typ D. Zum Einschrauben. Klein. Geeignet f\u00fcr N\u00e4hmaschinen und andere Ger\u00e4te. Kleine Gl\u00fchbirne zum einschrauben 15 W 240 V. Geeignet f\u00fcr \u00e4ltere japanische Maschinen, einige Singer-Modelle und einige Overlocker\/Serger.<\/p>\n","protected":false},"featured_media":13679,"template":"","meta":{"_mi_skip_tracking":false},"product_cat":[12436],"product_tag":[12435],"_links":{"self":[{"href":"https:\/\/hemlinegreen.htl.whale-castle.com\/de\/wp-json\/wp\/v2\/product\/18617"}],"collection":[{"href":"https:\/\/hemlinegreen.htl.whale-castle.com\/de\/wp-json\/wp\/v2\/product"}],"about":[{"href":"https:\/\/hemlinegreen.htl.whale-castle.com\/de\/wp-json\/wp\/v2\/types\/product"}],"wp:featuredmedia":[{"embeddable":true,"href":"https:\/\/hemlinegreen.htl.whale-castle.com\/de\/wp-json\/wp\/v2\/media\/13679"}],"wp:attachment":[{"href":"https:\/\/hemlinegreen.htl.whale-castle.com\/de\/wp-json\/wp\/v2\/media?parent=18617"}],"wp:term":[{"taxonomy":"product_cat","embeddable":true,"href":"https:\/\/hemlinegreen.htl.whale-castle.com\/de\/wp-json\/wp\/v2\/product_cat?post=18617"},{"taxonomy":"product_tag","embeddable":true,"href":"https:\/\/hemlinegreen.htl.whale-castle.com\/de\/wp-json\/wp\/v2\/product_tag?post=18617"}],"curies":[{"name":"wp","href":"https:\/\/api.w.org\/{rel}","templated":true}]}}