{"id":18616,"date":"2023-01-27T18:07:56","date_gmt":"2023-01-27T10:07:56","guid":{"rendered":"https:\/\/hemlinegreen.htl.whale-castle.com\/de\/product\/led-gluhbirne-tageslichtweis-2\/"},"modified":"2023-01-30T15:53:27","modified_gmt":"2023-01-30T07:53:27","slug":"led-gluhbirne-tageslichtweis-2","status":"publish","type":"product","link":"https:\/\/hemlinegreen.htl.whale-castle.com\/de\/product\/led-gluhbirne-tageslichtweis-2\/","title":{"rendered":"LED-Gl\u00fchbirne &#8211; Tageslichtwei\u00df"},"content":{"rendered":"<p>Medium. Geeignet f\u00fcr N\u00e4hmaschinen und andere Ger\u00e4te Spart Energie und Geld. Vorteile einer LED-Gl\u00fchbirne: 15000 Stunden Lebensdauer reichen fast ein Leben lang. Spart Energie und Geld. Leistung 1,5 W, Helligkeit 150 Lumen. Zum Einschrauben. E14. Gr\u00f6\u00dfe 4,5 cm x 1,5 cm. Funktioniert nur mit 220 V oder 240 V Spannung.<\/p>\n","protected":false},"excerpt":{"rendered":"<p>Medium. Geeignet f\u00fcr N\u00e4hmaschinen und andere Ger\u00e4te Spart Energie und Geld. Vorteile einer LED-Gl\u00fchbirne: 15000 Stunden Lebensdauer reichen fast ein Leben lang. Spart Energie und Geld. Leistung 1,5 W, Helligkeit 150 Lumen. Zum Einschrauben. E14. Gr\u00f6\u00dfe 4,5 cm x 1,5 cm. Funktioniert nur mit 220 V oder 240 V Spannung.<\/p>\n","protected":false},"featured_media":13677,"template":"","meta":{"_mi_skip_tracking":false},"product_cat":[12436],"product_tag":[12437],"_links":{"self":[{"href":"https:\/\/hemlinegreen.htl.whale-castle.com\/de\/wp-json\/wp\/v2\/product\/18616"}],"collection":[{"href":"https:\/\/hemlinegreen.htl.whale-castle.com\/de\/wp-json\/wp\/v2\/product"}],"about":[{"href":"https:\/\/hemlinegreen.htl.whale-castle.com\/de\/wp-json\/wp\/v2\/types\/product"}],"wp:featuredmedia":[{"embeddable":true,"href":"https:\/\/hemlinegreen.htl.whale-castle.com\/de\/wp-json\/wp\/v2\/media\/13677"}],"wp:attachment":[{"href":"https:\/\/hemlinegreen.htl.whale-castle.com\/de\/wp-json\/wp\/v2\/media?parent=18616"}],"wp:term":[{"taxonomy":"product_cat","embeddable":true,"href":"https:\/\/hemlinegreen.htl.whale-castle.com\/de\/wp-json\/wp\/v2\/product_cat?post=18616"},{"taxonomy":"product_tag","embeddable":true,"href":"https:\/\/hemlinegreen.htl.whale-castle.com\/de\/wp-json\/wp\/v2\/product_tag?post=18616"}],"curies":[{"name":"wp","href":"https:\/\/api.w.org\/{rel}","templated":true}]}}