{"id":18615,"date":"2023-01-27T18:07:56","date_gmt":"2023-01-27T10:07:56","guid":{"rendered":"https:\/\/hemlinegreen.htl.whale-castle.com\/de\/product\/gluhbirne-typ-e\/"},"modified":"2023-01-30T15:53:26","modified_gmt":"2023-01-30T07:53:26","slug":"gluhbirne-typ-e","status":"publish","type":"product","link":"https:\/\/hemlinegreen.htl.whale-castle.com\/de\/product\/gluhbirne-typ-e\/","title":{"rendered":"Gl\u00fchbirne Typ E"},"content":{"rendered":"<p>Typ E. Zum Einschrauben. Medium. Geeignet f\u00fcr N\u00e4hmaschinen und andere Ger\u00e4te. Mittlere Gl\u00fchbirne zum einschrauben 15 W 240 V. Passend f\u00fcr Brother, Bernina (\u00e4ltere Modelle).<\/p>\n","protected":false},"excerpt":{"rendered":"<p>Typ E. Zum Einschrauben. Medium. Geeignet f\u00fcr N\u00e4hmaschinen und andere Ger\u00e4te. Mittlere Gl\u00fchbirne zum einschrauben 15 W 240 V. Passend f\u00fcr Brother, Bernina (\u00e4ltere Modelle).<\/p>\n","protected":false},"featured_media":13675,"template":"","meta":{"_mi_skip_tracking":false},"product_cat":[12436],"product_tag":[12435],"_links":{"self":[{"href":"https:\/\/hemlinegreen.htl.whale-castle.com\/de\/wp-json\/wp\/v2\/product\/18615"}],"collection":[{"href":"https:\/\/hemlinegreen.htl.whale-castle.com\/de\/wp-json\/wp\/v2\/product"}],"about":[{"href":"https:\/\/hemlinegreen.htl.whale-castle.com\/de\/wp-json\/wp\/v2\/types\/product"}],"wp:featuredmedia":[{"embeddable":true,"href":"https:\/\/hemlinegreen.htl.whale-castle.com\/de\/wp-json\/wp\/v2\/media\/13675"}],"wp:attachment":[{"href":"https:\/\/hemlinegreen.htl.whale-castle.com\/de\/wp-json\/wp\/v2\/media?parent=18615"}],"wp:term":[{"taxonomy":"product_cat","embeddable":true,"href":"https:\/\/hemlinegreen.htl.whale-castle.com\/de\/wp-json\/wp\/v2\/product_cat?post=18615"},{"taxonomy":"product_tag","embeddable":true,"href":"https:\/\/hemlinegreen.htl.whale-castle.com\/de\/wp-json\/wp\/v2\/product_tag?post=18615"}],"curies":[{"name":"wp","href":"https:\/\/api.w.org\/{rel}","templated":true}]}}