{"id":18613,"date":"2023-01-27T18:07:55","date_gmt":"2023-01-27T10:07:55","guid":{"rendered":"https:\/\/hemlinegreen.htl.whale-castle.com\/de\/product\/led-gluhbirne-tageslichtweis\/"},"modified":"2023-01-30T15:53:26","modified_gmt":"2023-01-30T07:53:26","slug":"led-gluhbirne-tageslichtweis","status":"publish","type":"product","link":"https:\/\/hemlinegreen.htl.whale-castle.com\/de\/product\/led-gluhbirne-tageslichtweis\/","title":{"rendered":"LED-Gl\u00fchbirne &#8211; Tageslichtwei\u00df"},"content":{"rendered":"<p>Medium. Geeignet f\u00fcr N\u00e4hmaschinen und andere Ger\u00e4te Spart Energie und Geld. Vorteile einer LED-Gl\u00fchbirne: 15000 Stunden Lebensdauer reichen fast ein Leben lang. Spart Energie und Geld. Leistung 1,5 W, Helligkeit 150 Lumen. Bajonettfassung. BA15D. Gr\u00f6\u00dfe 4,5 cm x 1,7 cm. Funktioniert nur mit 220 V oder 240 V Spannung.<\/p>\n","protected":false},"excerpt":{"rendered":"<p>Medium. Geeignet f\u00fcr N\u00e4hmaschinen und andere Ger\u00e4te Spart Energie und Geld. Vorteile einer LED-Gl\u00fchbirne: 15000 Stunden Lebensdauer reichen fast ein Leben lang. Spart Energie und Geld. Leistung 1,5 W, Helligkeit 150 Lumen. Bajonettfassung. BA15D. Gr\u00f6\u00dfe 4,5 cm x 1,7 cm. Funktioniert nur mit 220 V oder 240 V Spannung.<\/p>\n","protected":false},"featured_media":13671,"template":"","meta":{"_mi_skip_tracking":false},"product_cat":[12436],"product_tag":[12437],"_links":{"self":[{"href":"https:\/\/hemlinegreen.htl.whale-castle.com\/de\/wp-json\/wp\/v2\/product\/18613"}],"collection":[{"href":"https:\/\/hemlinegreen.htl.whale-castle.com\/de\/wp-json\/wp\/v2\/product"}],"about":[{"href":"https:\/\/hemlinegreen.htl.whale-castle.com\/de\/wp-json\/wp\/v2\/types\/product"}],"wp:featuredmedia":[{"embeddable":true,"href":"https:\/\/hemlinegreen.htl.whale-castle.com\/de\/wp-json\/wp\/v2\/media\/13671"}],"wp:attachment":[{"href":"https:\/\/hemlinegreen.htl.whale-castle.com\/de\/wp-json\/wp\/v2\/media?parent=18613"}],"wp:term":[{"taxonomy":"product_cat","embeddable":true,"href":"https:\/\/hemlinegreen.htl.whale-castle.com\/de\/wp-json\/wp\/v2\/product_cat?post=18613"},{"taxonomy":"product_tag","embeddable":true,"href":"https:\/\/hemlinegreen.htl.whale-castle.com\/de\/wp-json\/wp\/v2\/product_tag?post=18613"}],"curies":[{"name":"wp","href":"https:\/\/api.w.org\/{rel}","templated":true}]}}