{"id":18612,"date":"2023-01-27T18:07:54","date_gmt":"2023-01-27T10:07:54","guid":{"rendered":"https:\/\/hemlinegreen.htl.whale-castle.com\/de\/product\/gluhbirne-typ-b\/"},"modified":"2023-01-30T15:53:26","modified_gmt":"2023-01-30T07:53:26","slug":"gluhbirne-typ-b","status":"publish","type":"product","link":"https:\/\/hemlinegreen.htl.whale-castle.com\/de\/product\/gluhbirne-typ-b\/","title":{"rendered":"Gl\u00fchbirne Typ B"},"content":{"rendered":"<p>Typ B. Bajonettfassung. Medium. Geeignet f\u00fcr N\u00e4hmaschinen und andere Ger\u00e4te. Mittlere Gl\u00fchbirne zum einschieben 15 W 240 V. Die beliebteste Gr\u00f6\u00dfe. Passend f\u00fcr Bernina, Singer, Pfaff, Husqvarna etc.<\/p>\n","protected":false},"excerpt":{"rendered":"<p>Typ B. Bajonettfassung. Medium. Geeignet f\u00fcr N\u00e4hmaschinen und andere Ger\u00e4te. Mittlere Gl\u00fchbirne zum einschieben 15 W 240 V. Die beliebteste Gr\u00f6\u00dfe. Passend f\u00fcr Bernina, Singer, Pfaff, Husqvarna etc.<\/p>\n","protected":false},"featured_media":13669,"template":"","meta":{"_mi_skip_tracking":false},"product_cat":[12436],"product_tag":[12435],"_links":{"self":[{"href":"https:\/\/hemlinegreen.htl.whale-castle.com\/de\/wp-json\/wp\/v2\/product\/18612"}],"collection":[{"href":"https:\/\/hemlinegreen.htl.whale-castle.com\/de\/wp-json\/wp\/v2\/product"}],"about":[{"href":"https:\/\/hemlinegreen.htl.whale-castle.com\/de\/wp-json\/wp\/v2\/types\/product"}],"wp:featuredmedia":[{"embeddable":true,"href":"https:\/\/hemlinegreen.htl.whale-castle.com\/de\/wp-json\/wp\/v2\/media\/13669"}],"wp:attachment":[{"href":"https:\/\/hemlinegreen.htl.whale-castle.com\/de\/wp-json\/wp\/v2\/media?parent=18612"}],"wp:term":[{"taxonomy":"product_cat","embeddable":true,"href":"https:\/\/hemlinegreen.htl.whale-castle.com\/de\/wp-json\/wp\/v2\/product_cat?post=18612"},{"taxonomy":"product_tag","embeddable":true,"href":"https:\/\/hemlinegreen.htl.whale-castle.com\/de\/wp-json\/wp\/v2\/product_tag?post=18612"}],"curies":[{"name":"wp","href":"https:\/\/api.w.org\/{rel}","templated":true}]}}