{"id":18611,"date":"2023-01-27T18:07:53","date_gmt":"2023-01-27T10:07:53","guid":{"rendered":"https:\/\/hemlinegreen.htl.whale-castle.com\/de\/product\/spulen-standard-kunststoff-2\/"},"modified":"2023-01-30T15:53:26","modified_gmt":"2023-01-30T07:53:26","slug":"spulen-standard-kunststoff-2","status":"publish","type":"product","link":"https:\/\/hemlinegreen.htl.whale-castle.com\/de\/product\/spulen-standard-kunststoff-2\/","title":{"rendered":"Spulen Standard Kunststoff"},"content":{"rendered":"<p>Passend f\u00fcr die meisten Frontlader-N\u00e4hmaschinen Modelle u.a. Singer, Bernette, Janome usw. Kunststoffspulen k\u00f6nnen die urspr\u00fcnglich mit der N\u00e4hmaschine gelieferten Metallspulen ersetzen.<\/p>\n","protected":false},"excerpt":{"rendered":"<p>Passend f\u00fcr die meisten Frontlader-N\u00e4hmaschinen Modelle u.a. Singer, Bernette, Janome usw. Kunststoffspulen k\u00f6nnen die urspr\u00fcnglich mit der N\u00e4hmaschine gelieferten Metallspulen ersetzen.<\/p>\n","protected":false},"featured_media":13667,"template":"","meta":{"_mi_skip_tracking":false},"product_cat":[12181],"product_tag":[12180],"_links":{"self":[{"href":"https:\/\/hemlinegreen.htl.whale-castle.com\/de\/wp-json\/wp\/v2\/product\/18611"}],"collection":[{"href":"https:\/\/hemlinegreen.htl.whale-castle.com\/de\/wp-json\/wp\/v2\/product"}],"about":[{"href":"https:\/\/hemlinegreen.htl.whale-castle.com\/de\/wp-json\/wp\/v2\/types\/product"}],"wp:featuredmedia":[{"embeddable":true,"href":"https:\/\/hemlinegreen.htl.whale-castle.com\/de\/wp-json\/wp\/v2\/media\/13667"}],"wp:attachment":[{"href":"https:\/\/hemlinegreen.htl.whale-castle.com\/de\/wp-json\/wp\/v2\/media?parent=18611"}],"wp:term":[{"taxonomy":"product_cat","embeddable":true,"href":"https:\/\/hemlinegreen.htl.whale-castle.com\/de\/wp-json\/wp\/v2\/product_cat?post=18611"},{"taxonomy":"product_tag","embeddable":true,"href":"https:\/\/hemlinegreen.htl.whale-castle.com\/de\/wp-json\/wp\/v2\/product_tag?post=18611"}],"curies":[{"name":"wp","href":"https:\/\/api.w.org\/{rel}","templated":true}]}}