{"id":18607,"date":"2023-01-27T18:07:51","date_gmt":"2023-01-27T10:07:51","guid":{"rendered":"https:\/\/hemlinegreen.htl.whale-castle.com\/de\/product\/nahmaschinennadeln-universal-titan-75-11\/"},"modified":"2023-01-30T15:53:26","modified_gmt":"2023-01-30T07:53:26","slug":"nahmaschinennadeln-universal-titan-75-11","status":"publish","type":"product","link":"https:\/\/hemlinegreen.htl.whale-castle.com\/de\/product\/nahmaschinennadeln-universal-titan-75-11\/","title":{"rendered":"N\u00e4hmaschinennadeln Universal Titan 75\/11"},"content":{"rendered":"<p>Geeignet f\u00fcr alle modernen N\u00e4hmaschinen. Vielseitige Universal Nadeln mit leicht geformter Kugelspitze. F\u00fcr gewebte und Naturfasern. Geeignet f\u00fcr: Gewebte Stoffe, Strick- und einige<br \/>\nSynthetikstoffe. Garnempfehlung: Baumwollgarn, Seide,<br \/>\nPolyestergarn.<\/p>\n","protected":false},"excerpt":{"rendered":"<p>https:\/\/www.youtube.com\/watch?v=45APlUXWN64<\/p>\n","protected":false},"featured_media":13659,"template":"","meta":{"_mi_skip_tracking":false},"product_cat":[12157],"product_tag":[12154],"_links":{"self":[{"href":"https:\/\/hemlinegreen.htl.whale-castle.com\/de\/wp-json\/wp\/v2\/product\/18607"}],"collection":[{"href":"https:\/\/hemlinegreen.htl.whale-castle.com\/de\/wp-json\/wp\/v2\/product"}],"about":[{"href":"https:\/\/hemlinegreen.htl.whale-castle.com\/de\/wp-json\/wp\/v2\/types\/product"}],"wp:featuredmedia":[{"embeddable":true,"href":"https:\/\/hemlinegreen.htl.whale-castle.com\/de\/wp-json\/wp\/v2\/media\/13659"}],"wp:attachment":[{"href":"https:\/\/hemlinegreen.htl.whale-castle.com\/de\/wp-json\/wp\/v2\/media?parent=18607"}],"wp:term":[{"taxonomy":"product_cat","embeddable":true,"href":"https:\/\/hemlinegreen.htl.whale-castle.com\/de\/wp-json\/wp\/v2\/product_cat?post=18607"},{"taxonomy":"product_tag","embeddable":true,"href":"https:\/\/hemlinegreen.htl.whale-castle.com\/de\/wp-json\/wp\/v2\/product_tag?post=18607"}],"curies":[{"name":"wp","href":"https:\/\/api.w.org\/{rel}","templated":true}]}}