{"id":18606,"date":"2023-01-27T18:07:51","date_gmt":"2023-01-27T10:07:51","guid":{"rendered":"https:\/\/hemlinegreen.htl.whale-castle.com\/de\/product\/einziehbares-masband-einhorn\/"},"modified":"2023-01-30T15:53:25","modified_gmt":"2023-01-30T07:53:25","slug":"einziehbares-masband-einhorn","status":"publish","type":"product","link":"https:\/\/hemlinegreen.htl.whale-castle.com\/de\/product\/einziehbares-masband-einhorn\/","title":{"rendered":"Einziehbares Ma\u00dfband, Einhorn"},"content":{"rendered":"<p>Einziehbares Ma\u00dfband im Einhorn-Design. Imperiale und metrische Ma\u00dfe in 100 cm \/ 40 Zoll. Geeignet f\u00fcr Schule, B\u00fcro, allgemeinen Haushalt usw. So macht Messarbeit noch mehr Spa\u00df. Farben: Koralle, Pink, Violett.<\/p>\n","protected":false},"excerpt":{"rendered":"<p>Einziehbares Ma\u00dfband im Einhorn-Design. Imperiale und metrische Ma\u00dfe in 100 cm \/ 40 Zoll. Geeignet f\u00fcr Schule, B\u00fcro, allgemeinen Haushalt usw. So macht Messarbeit noch mehr Spa\u00df. Farben: Koralle, Pink, Violett.<\/p>\n","protected":false},"featured_media":14701,"template":"","meta":{"_mi_skip_tracking":false},"product_cat":[12429,12432],"product_tag":[12426,12431],"_links":{"self":[{"href":"https:\/\/hemlinegreen.htl.whale-castle.com\/de\/wp-json\/wp\/v2\/product\/18606"}],"collection":[{"href":"https:\/\/hemlinegreen.htl.whale-castle.com\/de\/wp-json\/wp\/v2\/product"}],"about":[{"href":"https:\/\/hemlinegreen.htl.whale-castle.com\/de\/wp-json\/wp\/v2\/types\/product"}],"wp:featuredmedia":[{"embeddable":true,"href":"https:\/\/hemlinegreen.htl.whale-castle.com\/de\/wp-json\/wp\/v2\/media\/14701"}],"wp:attachment":[{"href":"https:\/\/hemlinegreen.htl.whale-castle.com\/de\/wp-json\/wp\/v2\/media?parent=18606"}],"wp:term":[{"taxonomy":"product_cat","embeddable":true,"href":"https:\/\/hemlinegreen.htl.whale-castle.com\/de\/wp-json\/wp\/v2\/product_cat?post=18606"},{"taxonomy":"product_tag","embeddable":true,"href":"https:\/\/hemlinegreen.htl.whale-castle.com\/de\/wp-json\/wp\/v2\/product_tag?post=18606"}],"curies":[{"name":"wp","href":"https:\/\/api.w.org\/{rel}","templated":true}]}}