{"id":18605,"date":"2023-01-27T18:07:50","date_gmt":"2023-01-27T10:07:50","guid":{"rendered":"https:\/\/hemlinegreen.htl.whale-castle.com\/de\/product\/einziehbares-masband-zoo\/"},"modified":"2023-01-30T15:53:25","modified_gmt":"2023-01-30T07:53:25","slug":"einziehbares-masband-zoo","status":"publish","type":"product","link":"https:\/\/hemlinegreen.htl.whale-castle.com\/de\/product\/einziehbares-masband-zoo\/","title":{"rendered":"Einziehbares Ma\u00dfband, Zoo"},"content":{"rendered":"<p>Neue Designs; K\u00e4tzchen, Fuchs, B\u00e4r, Hund. Mit farblich passendem Bommel-Abzieher. 18 mm (0,7 Zoll) breites x 150 cm (60 Zoll) langes einziehbares Ma\u00dfband. Imperial Ma\u00dfe auf der einen Seite, metrisch auf der anderen Seite. Klare Messungen. Eingebauter Schl\u00fcsselbandschlitz bietet eine tragbare Option.<\/p>\n","protected":false},"excerpt":{"rendered":"<p>Neue Designs; K\u00e4tzchen, Fuchs, B\u00e4r, Hund. Mit farblich passendem Bommel-Abzieher. 18 mm (0,7 Zoll) breites x 150 cm (60 Zoll) langes einziehbares Ma\u00dfband. Imperial Ma\u00dfe auf der einen Seite, metrisch auf der anderen Seite. Klare Messungen. Eingebauter Schl\u00fcsselbandschlitz bietet eine tragbare Option.<\/p>\n","protected":false},"featured_media":14699,"template":"","meta":{"_mi_skip_tracking":false},"product_cat":[12429,12430],"product_tag":[12426,12427],"_links":{"self":[{"href":"https:\/\/hemlinegreen.htl.whale-castle.com\/de\/wp-json\/wp\/v2\/product\/18605"}],"collection":[{"href":"https:\/\/hemlinegreen.htl.whale-castle.com\/de\/wp-json\/wp\/v2\/product"}],"about":[{"href":"https:\/\/hemlinegreen.htl.whale-castle.com\/de\/wp-json\/wp\/v2\/types\/product"}],"wp:featuredmedia":[{"embeddable":true,"href":"https:\/\/hemlinegreen.htl.whale-castle.com\/de\/wp-json\/wp\/v2\/media\/14699"}],"wp:attachment":[{"href":"https:\/\/hemlinegreen.htl.whale-castle.com\/de\/wp-json\/wp\/v2\/media?parent=18605"}],"wp:term":[{"taxonomy":"product_cat","embeddable":true,"href":"https:\/\/hemlinegreen.htl.whale-castle.com\/de\/wp-json\/wp\/v2\/product_cat?post=18605"},{"taxonomy":"product_tag","embeddable":true,"href":"https:\/\/hemlinegreen.htl.whale-castle.com\/de\/wp-json\/wp\/v2\/product_tag?post=18605"}],"curies":[{"name":"wp","href":"https:\/\/api.w.org\/{rel}","templated":true}]}}