{"id":18602,"date":"2023-01-27T18:07:49","date_gmt":"2023-01-27T10:07:49","guid":{"rendered":"https:\/\/hemlinegreen.htl.whale-castle.com\/de\/product\/kunststoff-druckknopfe-multipack\/"},"modified":"2023-01-30T15:53:25","modified_gmt":"2023-01-30T07:53:25","slug":"kunststoff-druckknopfe-multipack","status":"publish","type":"product","link":"https:\/\/hemlinegreen.htl.whale-castle.com\/de\/product\/kunststoff-druckknopfe-multipack\/","title":{"rendered":"Kunststoff-Druckkn\u00f6pfe Multipack"},"content":{"rendered":"<p>Enth\u00e4lt 15 gl\u00e4nzende Farben: Aqua, Black, Blue, Bronze, Clear, Cream, Green, Grey, Lilac, Navy, Pink, Purple, Red, Yellow, White. Gr\u00f6\u00dfe 20 eignet sich am besten f\u00fcr mittelschwere bis schwere Stoffe. Rostfrei, Waschbar, Farbecht,<br \/>\nLeicht. Starke und einfach zu verwendende. Druckkn\u00f6pfe aus Kunststoff. F\u00fcr die Anwendung wird eine Hemline.  Druckknopfzange ben\u00f6tigt. Gr\u00f6\u00dfe 20 eignet sich am besten f\u00fcr mittelschwere bis schwere Stoffe. Ideal f\u00fcr Babyl\u00e4tzchen, Windeln, Kinderkleidung und Bekleidung. Enth\u00e4lt 15 gl\u00e4nzende Farben. Auch f\u00fcr Heimtextilien geeignet. Nur mit Kunststoffdruckkn\u00f6pfen verwenden. Zuerst auf einem Stoffrest testen.<\/p>\n","protected":false},"excerpt":{"rendered":"<p>https:\/\/www.youtube.com\/watch?v=lu0QnzzJpJ4<\/p>\n","protected":false},"featured_media":14257,"template":"","meta":{"_mi_skip_tracking":false},"product_cat":[12311],"product_tag":[12421],"_links":{"self":[{"href":"https:\/\/hemlinegreen.htl.whale-castle.com\/de\/wp-json\/wp\/v2\/product\/18602"}],"collection":[{"href":"https:\/\/hemlinegreen.htl.whale-castle.com\/de\/wp-json\/wp\/v2\/product"}],"about":[{"href":"https:\/\/hemlinegreen.htl.whale-castle.com\/de\/wp-json\/wp\/v2\/types\/product"}],"wp:featuredmedia":[{"embeddable":true,"href":"https:\/\/hemlinegreen.htl.whale-castle.com\/de\/wp-json\/wp\/v2\/media\/14257"}],"wp:attachment":[{"href":"https:\/\/hemlinegreen.htl.whale-castle.com\/de\/wp-json\/wp\/v2\/media?parent=18602"}],"wp:term":[{"taxonomy":"product_cat","embeddable":true,"href":"https:\/\/hemlinegreen.htl.whale-castle.com\/de\/wp-json\/wp\/v2\/product_cat?post=18602"},{"taxonomy":"product_tag","embeddable":true,"href":"https:\/\/hemlinegreen.htl.whale-castle.com\/de\/wp-json\/wp\/v2\/product_tag?post=18602"}],"curies":[{"name":"wp","href":"https:\/\/api.w.org\/{rel}","templated":true}]}}