{"id":18601,"date":"2023-01-27T18:07:43","date_gmt":"2023-01-27T10:07:43","guid":{"rendered":"https:\/\/hemlinegreen.htl.whale-castle.com\/de\/product\/druckknopfzange-fur-kunststoffdruckknopfe\/"},"modified":"2023-01-30T15:53:24","modified_gmt":"2023-01-30T07:53:24","slug":"druckknopfzange-fur-kunststoffdruckknopfe","status":"publish","type":"product","link":"https:\/\/hemlinegreen.htl.whale-castle.com\/de\/product\/druckknopfzange-fur-kunststoffdruckknopfe\/","title":{"rendered":"Druckknopfzange f\u00fcr Kunststoffdruckkn\u00f6pfe"},"content":{"rendered":"<p>Softgrip-Griff. F\u00fcr Hemline-Kunststoffdruckkn\u00f6pfe. Erh\u00e4ltlich in 15 verschiedenen Farben. Geignet am besten f\u00fcr<br \/>\nmittelschwere bis schwere Stoffe. Ideal f\u00fcr Babyl\u00e4tzchen, Windeln, Kinderkleidung und Bekleidung. Auch f\u00fcr Heimtextilien geeignet. Nur mit Kunststoffdruckkn\u00f6pfen verwenden. Zuerst auf einem Stoffrest testen.<\/p>\n","protected":false},"excerpt":{"rendered":"<p>Softgrip-Griff. F\u00fcr Hemline-Kunststoffdruckkn\u00f6pfe. Erh\u00e4ltlich in 15 verschiedenen Farben. Geignet am besten f\u00fcr mittelschwere bis schwere Stoffe. Ideal f\u00fcr Babyl\u00e4tzchen, Windeln, Kinderkleidung und Bekleidung. Auch f\u00fcr Heimtextilien geeignet. Nur mit Kunststoffdruckkn\u00f6pfen verwenden. Zuerst auf einem Stoffrest testen.<\/p>\n","protected":false},"featured_media":14255,"template":"","meta":{"_mi_skip_tracking":false},"product_cat":[12420],"product_tag":[12419],"_links":{"self":[{"href":"https:\/\/hemlinegreen.htl.whale-castle.com\/de\/wp-json\/wp\/v2\/product\/18601"}],"collection":[{"href":"https:\/\/hemlinegreen.htl.whale-castle.com\/de\/wp-json\/wp\/v2\/product"}],"about":[{"href":"https:\/\/hemlinegreen.htl.whale-castle.com\/de\/wp-json\/wp\/v2\/types\/product"}],"wp:featuredmedia":[{"embeddable":true,"href":"https:\/\/hemlinegreen.htl.whale-castle.com\/de\/wp-json\/wp\/v2\/media\/14255"}],"wp:attachment":[{"href":"https:\/\/hemlinegreen.htl.whale-castle.com\/de\/wp-json\/wp\/v2\/media?parent=18601"}],"wp:term":[{"taxonomy":"product_cat","embeddable":true,"href":"https:\/\/hemlinegreen.htl.whale-castle.com\/de\/wp-json\/wp\/v2\/product_cat?post=18601"},{"taxonomy":"product_tag","embeddable":true,"href":"https:\/\/hemlinegreen.htl.whale-castle.com\/de\/wp-json\/wp\/v2\/product_tag?post=18601"}],"curies":[{"name":"wp","href":"https:\/\/api.w.org\/{rel}","templated":true}]}}