{"id":18598,"date":"2023-01-27T18:07:42","date_gmt":"2023-01-27T10:07:42","guid":{"rendered":"https:\/\/hemlinegreen.htl.whale-castle.com\/de\/product\/led-lupe-zum-umhangen\/"},"modified":"2023-01-30T15:53:23","modified_gmt":"2023-01-30T07:53:23","slug":"led-lupe-zum-umhangen","status":"publish","type":"product","link":"https:\/\/hemlinegreen.htl.whale-castle.com\/de\/product\/led-lupe-zum-umhangen\/","title":{"rendered":"LED Lupe zum Umh\u00e4ngen"},"content":{"rendered":"<p>2-fache Vergr\u00f6\u00dferung Acryllinse. Ideal f\u00fcr N\u00e4h- und Bastelbegeisterte. Ausgestattet mit einem Umh\u00e4ngeband und Ruhef\u00fc\u00dfen. Leichtbauweise.  4-fache Vergr\u00f6\u00dferung. Bifokale Spotlinse. Ben\u00f6tigt 3 AAA-Batterien (nicht im Lieferumfang enthalten). Ausgestattet mit 2 energiesparenden LED-Leuchten. Diese Lupe eignet sich hervorragend f\u00fcr alle Bastel- und N\u00e4hprojekte, da sie sich leicht um den Hals h\u00e4ngen l\u00e4sst und dabei die H\u00e4nde frei h\u00e4lt. Ideal f\u00fcr sehr detaillierte Projekte.<\/p>\n","protected":false},"excerpt":{"rendered":"<p>2-fache Vergr\u00f6\u00dferung Acryllinse. Ideal f\u00fcr N\u00e4h- und Bastelbegeisterte. Ausgestattet mit einem Umh\u00e4ngeband und Ruhef\u00fc\u00dfen. Leichtbauweise. 4-fache Vergr\u00f6\u00dferung. Bifokale Spotlinse. Ben\u00f6tigt 3 AAA-Batterien (nicht im Lieferumfang enthalten). Ausgestattet mit 2 energiesparenden LED-Leuchten. Diese Lupe eignet sich hervorragend f\u00fcr alle Bastel- und N\u00e4hprojekte, da sie sich leicht um den Hals h\u00e4ngen l\u00e4sst und dabei die H\u00e4nde frei &hellip; <br \/><a href=\"https:\/\/hemlinegreen.htl.whale-castle.com\/de\/product\/led-lupe-zum-umhangen\/\" class=\"more-link\">Continue reading <span class=\"screen-reader-text\">LED Lupe zum Umh\u00e4ngen<\/span><\/a><\/p>\n","protected":false},"featured_media":14253,"template":"","meta":{"_mi_skip_tracking":false},"product_cat":[12415],"product_tag":[12416],"_links":{"self":[{"href":"https:\/\/hemlinegreen.htl.whale-castle.com\/de\/wp-json\/wp\/v2\/product\/18598"}],"collection":[{"href":"https:\/\/hemlinegreen.htl.whale-castle.com\/de\/wp-json\/wp\/v2\/product"}],"about":[{"href":"https:\/\/hemlinegreen.htl.whale-castle.com\/de\/wp-json\/wp\/v2\/types\/product"}],"wp:featuredmedia":[{"embeddable":true,"href":"https:\/\/hemlinegreen.htl.whale-castle.com\/de\/wp-json\/wp\/v2\/media\/14253"}],"wp:attachment":[{"href":"https:\/\/hemlinegreen.htl.whale-castle.com\/de\/wp-json\/wp\/v2\/media?parent=18598"}],"wp:term":[{"taxonomy":"product_cat","embeddable":true,"href":"https:\/\/hemlinegreen.htl.whale-castle.com\/de\/wp-json\/wp\/v2\/product_cat?post=18598"},{"taxonomy":"product_tag","embeddable":true,"href":"https:\/\/hemlinegreen.htl.whale-castle.com\/de\/wp-json\/wp\/v2\/product_tag?post=18598"}],"curies":[{"name":"wp","href":"https:\/\/api.w.org\/{rel}","templated":true}]}}