{"id":18597,"date":"2023-01-27T18:07:42","date_gmt":"2023-01-27T10:07:42","guid":{"rendered":"https:\/\/hemlinegreen.htl.whale-castle.com\/de\/product\/lupe-zum-umhangen\/"},"modified":"2023-01-30T15:53:23","modified_gmt":"2023-01-30T07:53:23","slug":"lupe-zum-umhangen","status":"publish","type":"product","link":"https:\/\/hemlinegreen.htl.whale-castle.com\/de\/product\/lupe-zum-umhangen\/","title":{"rendered":"Lupe zum Umh\u00e4ngen"},"content":{"rendered":"<p>2-fache Vergr\u00f6\u00dferung Acryllinse. Ideal f\u00fcr N\u00e4h- und Bastelbegeisterte. Ausgestattet mit einem Umh\u00e4ngeband und Ruhef\u00fc\u00dfen. 4-fache Vergr\u00f6\u00dferung. Leichtbauweise. Diese Lupe eignet sich hervorragend f\u00fcr alle Bastel- und N\u00e4hprojekte, da sie sich leicht um den Hals h\u00e4ngen l\u00e4sst und dabei die H\u00e4nde frei h\u00e4lt. Ideal f\u00fcr sehr detaillierte Projekte.<\/p>\n","protected":false},"excerpt":{"rendered":"<p>2-fache Vergr\u00f6\u00dferung Acryllinse. Ideal f\u00fcr N\u00e4h- und Bastelbegeisterte. Ausgestattet mit einem Umh\u00e4ngeband und Ruhef\u00fc\u00dfen. 4-fache Vergr\u00f6\u00dferung. Leichtbauweise. Diese Lupe eignet sich hervorragend f\u00fcr alle Bastel- und N\u00e4hprojekte, da sie sich leicht um den Hals h\u00e4ngen l\u00e4sst und dabei die H\u00e4nde frei h\u00e4lt. Ideal f\u00fcr sehr detaillierte Projekte.<\/p>\n","protected":false},"featured_media":14251,"template":"","meta":{"_mi_skip_tracking":false},"product_cat":[12415],"product_tag":[12414],"_links":{"self":[{"href":"https:\/\/hemlinegreen.htl.whale-castle.com\/de\/wp-json\/wp\/v2\/product\/18597"}],"collection":[{"href":"https:\/\/hemlinegreen.htl.whale-castle.com\/de\/wp-json\/wp\/v2\/product"}],"about":[{"href":"https:\/\/hemlinegreen.htl.whale-castle.com\/de\/wp-json\/wp\/v2\/types\/product"}],"wp:featuredmedia":[{"embeddable":true,"href":"https:\/\/hemlinegreen.htl.whale-castle.com\/de\/wp-json\/wp\/v2\/media\/14251"}],"wp:attachment":[{"href":"https:\/\/hemlinegreen.htl.whale-castle.com\/de\/wp-json\/wp\/v2\/media?parent=18597"}],"wp:term":[{"taxonomy":"product_cat","embeddable":true,"href":"https:\/\/hemlinegreen.htl.whale-castle.com\/de\/wp-json\/wp\/v2\/product_cat?post=18597"},{"taxonomy":"product_tag","embeddable":true,"href":"https:\/\/hemlinegreen.htl.whale-castle.com\/de\/wp-json\/wp\/v2\/product_tag?post=18597"}],"curies":[{"name":"wp","href":"https:\/\/api.w.org\/{rel}","templated":true}]}}