{"id":18594,"date":"2023-01-27T18:07:41","date_gmt":"2023-01-27T10:07:41","guid":{"rendered":"https:\/\/hemlinegreen.htl.whale-castle.com\/de\/product\/revolver-lochzange\/"},"modified":"2023-01-30T15:53:23","modified_gmt":"2023-01-30T07:53:23","slug":"revolver-lochzange","status":"publish","type":"product","link":"https:\/\/hemlinegreen.htl.whale-castle.com\/de\/product\/revolver-lochzange\/","title":{"rendered":"Revolver Lochzange"},"content":{"rendered":"<p>Geeignet f\u00fcr Leder, Vinyl und die meisten Bastelmaterialien. Zum Stanzen von L\u00f6chern in G\u00fcrteltaschen etc. Geeignet f\u00fcr Leder, Vinyl und die meisten Bastelmaterialien.<\/p>\n","protected":false},"excerpt":{"rendered":"<p>https:\/\/www.youtube.com\/watch?v=3b_cwpQuKVM<\/p>\n","protected":false},"featured_media":14245,"template":"","meta":{"_mi_skip_tracking":false},"product_cat":[12409],"product_tag":[12408],"_links":{"self":[{"href":"https:\/\/hemlinegreen.htl.whale-castle.com\/de\/wp-json\/wp\/v2\/product\/18594"}],"collection":[{"href":"https:\/\/hemlinegreen.htl.whale-castle.com\/de\/wp-json\/wp\/v2\/product"}],"about":[{"href":"https:\/\/hemlinegreen.htl.whale-castle.com\/de\/wp-json\/wp\/v2\/types\/product"}],"wp:featuredmedia":[{"embeddable":true,"href":"https:\/\/hemlinegreen.htl.whale-castle.com\/de\/wp-json\/wp\/v2\/media\/14245"}],"wp:attachment":[{"href":"https:\/\/hemlinegreen.htl.whale-castle.com\/de\/wp-json\/wp\/v2\/media?parent=18594"}],"wp:term":[{"taxonomy":"product_cat","embeddable":true,"href":"https:\/\/hemlinegreen.htl.whale-castle.com\/de\/wp-json\/wp\/v2\/product_cat?post=18594"},{"taxonomy":"product_tag","embeddable":true,"href":"https:\/\/hemlinegreen.htl.whale-castle.com\/de\/wp-json\/wp\/v2\/product_tag?post=18594"}],"curies":[{"name":"wp","href":"https:\/\/api.w.org\/{rel}","templated":true}]}}