{"id":18593,"date":"2023-01-27T18:07:40","date_gmt":"2023-01-27T10:07:40","guid":{"rendered":"https:\/\/hemlinegreen.htl.whale-castle.com\/de\/product\/stoffkamm-2\/"},"modified":"2023-01-30T15:53:23","modified_gmt":"2023-01-30T07:53:23","slug":"stoffkamm-2","status":"publish","type":"product","link":"https:\/\/hemlinegreen.htl.whale-castle.com\/de\/product\/stoffkamm-2\/","title":{"rendered":"Stoffkamm"},"content":{"rendered":"<p>Mit Metallkanten f\u00fcr Wollstoffe und Feinw\u00e4sche. Zum Entfernen von Pilling, Kn\u00f6tchen und Fusseln von Kleidungsst\u00fccken. Am besten geeignet f\u00fcr leichte Stoffe, wie Wollstoffe und. Feinw\u00e4sche.<\/p>\n","protected":false},"excerpt":{"rendered":"<p>Mit Metallkanten f\u00fcr Wollstoffe und Feinw\u00e4sche. Zum Entfernen von Pilling, Kn\u00f6tchen und Fusseln von Kleidungsst\u00fccken. Am besten geeignet f\u00fcr leichte Stoffe, wie Wollstoffe und. Feinw\u00e4sche.<\/p>\n","protected":false},"featured_media":14243,"template":"","meta":{"_mi_skip_tracking":false},"product_cat":[12407],"product_tag":[12406],"_links":{"self":[{"href":"https:\/\/hemlinegreen.htl.whale-castle.com\/de\/wp-json\/wp\/v2\/product\/18593"}],"collection":[{"href":"https:\/\/hemlinegreen.htl.whale-castle.com\/de\/wp-json\/wp\/v2\/product"}],"about":[{"href":"https:\/\/hemlinegreen.htl.whale-castle.com\/de\/wp-json\/wp\/v2\/types\/product"}],"wp:featuredmedia":[{"embeddable":true,"href":"https:\/\/hemlinegreen.htl.whale-castle.com\/de\/wp-json\/wp\/v2\/media\/14243"}],"wp:attachment":[{"href":"https:\/\/hemlinegreen.htl.whale-castle.com\/de\/wp-json\/wp\/v2\/media?parent=18593"}],"wp:term":[{"taxonomy":"product_cat","embeddable":true,"href":"https:\/\/hemlinegreen.htl.whale-castle.com\/de\/wp-json\/wp\/v2\/product_cat?post=18593"},{"taxonomy":"product_tag","embeddable":true,"href":"https:\/\/hemlinegreen.htl.whale-castle.com\/de\/wp-json\/wp\/v2\/product_tag?post=18593"}],"curies":[{"name":"wp","href":"https:\/\/api.w.org\/{rel}","templated":true}]}}