{"id":18588,"date":"2023-01-27T18:07:38","date_gmt":"2023-01-27T10:07:38","guid":{"rendered":"https:\/\/hemlinegreen.htl.whale-castle.com\/de\/product\/reihenzahler-2\/"},"modified":"2023-01-30T15:53:22","modified_gmt":"2023-01-30T07:53:22","slug":"reihenzahler-2","status":"publish","type":"product","link":"https:\/\/hemlinegreen.htl.whale-castle.com\/de\/product\/reihenzahler-2\/","title":{"rendered":"Reihenz\u00e4hler"},"content":{"rendered":"<p>F\u00fcr Gr\u00f6\u00dfen 2 &#8211; 6 mm. Setzen Sie diese Z\u00e4hler \u00fcber Ihre Stricknadeln ein, um die Reihen Ihrer Maschen genau zu verfolgen.<\/p>\n","protected":false},"excerpt":{"rendered":"<p>F\u00fcr Gr\u00f6\u00dfen 2 &#8211; 6 mm. Setzen Sie diese Z\u00e4hler \u00fcber Ihre Stricknadeln ein, um die Reihen Ihrer Maschen genau zu verfolgen.<\/p>\n","protected":false},"featured_media":14233,"template":"","meta":{"_mi_skip_tracking":false},"product_cat":[12397],"product_tag":[12402],"_links":{"self":[{"href":"https:\/\/hemlinegreen.htl.whale-castle.com\/de\/wp-json\/wp\/v2\/product\/18588"}],"collection":[{"href":"https:\/\/hemlinegreen.htl.whale-castle.com\/de\/wp-json\/wp\/v2\/product"}],"about":[{"href":"https:\/\/hemlinegreen.htl.whale-castle.com\/de\/wp-json\/wp\/v2\/types\/product"}],"wp:featuredmedia":[{"embeddable":true,"href":"https:\/\/hemlinegreen.htl.whale-castle.com\/de\/wp-json\/wp\/v2\/media\/14233"}],"wp:attachment":[{"href":"https:\/\/hemlinegreen.htl.whale-castle.com\/de\/wp-json\/wp\/v2\/media?parent=18588"}],"wp:term":[{"taxonomy":"product_cat","embeddable":true,"href":"https:\/\/hemlinegreen.htl.whale-castle.com\/de\/wp-json\/wp\/v2\/product_cat?post=18588"},{"taxonomy":"product_tag","embeddable":true,"href":"https:\/\/hemlinegreen.htl.whale-castle.com\/de\/wp-json\/wp\/v2\/product_tag?post=18588"}],"curies":[{"name":"wp","href":"https:\/\/api.w.org\/{rel}","templated":true}]}}