{"id":18584,"date":"2023-01-27T18:07:37","date_gmt":"2023-01-27T10:07:37","guid":{"rendered":"https:\/\/hemlinegreen.htl.whale-castle.com\/de\/product\/strick-fingerhut-norweger\/"},"modified":"2023-01-30T15:53:22","modified_gmt":"2023-01-30T07:53:22","slug":"strick-fingerhut-norweger","status":"publish","type":"product","link":"https:\/\/hemlinegreen.htl.whale-castle.com\/de\/product\/strick-fingerhut-norweger\/","title":{"rendered":"Strick Fingerhut Norweger"},"content":{"rendered":"<p>Hergestellt aus Edelstahl.  Durchgezogene Gewindel\u00f6cher zum Einf\u00e4deln des Garns. Ideal f\u00fcr zweifarbige Muster.<br \/>\nH\u00e4lt eine gleichm\u00e4\u00dfige Spannung und minimiert Verwicklungen.<\/p>\n","protected":false},"excerpt":{"rendered":"<p>Hergestellt aus Edelstahl. Durchgezogene Gewindel\u00f6cher zum Einf\u00e4deln des Garns. Ideal f\u00fcr zweifarbige Muster. H\u00e4lt eine gleichm\u00e4\u00dfige Spannung und minimiert Verwicklungen.<\/p>\n","protected":false},"featured_media":14225,"template":"","meta":{"_mi_skip_tracking":false},"product_cat":[12397],"product_tag":[12395],"_links":{"self":[{"href":"https:\/\/hemlinegreen.htl.whale-castle.com\/de\/wp-json\/wp\/v2\/product\/18584"}],"collection":[{"href":"https:\/\/hemlinegreen.htl.whale-castle.com\/de\/wp-json\/wp\/v2\/product"}],"about":[{"href":"https:\/\/hemlinegreen.htl.whale-castle.com\/de\/wp-json\/wp\/v2\/types\/product"}],"wp:featuredmedia":[{"embeddable":true,"href":"https:\/\/hemlinegreen.htl.whale-castle.com\/de\/wp-json\/wp\/v2\/media\/14225"}],"wp:attachment":[{"href":"https:\/\/hemlinegreen.htl.whale-castle.com\/de\/wp-json\/wp\/v2\/media?parent=18584"}],"wp:term":[{"taxonomy":"product_cat","embeddable":true,"href":"https:\/\/hemlinegreen.htl.whale-castle.com\/de\/wp-json\/wp\/v2\/product_cat?post=18584"},{"taxonomy":"product_tag","embeddable":true,"href":"https:\/\/hemlinegreen.htl.whale-castle.com\/de\/wp-json\/wp\/v2\/product_tag?post=18584"}],"curies":[{"name":"wp","href":"https:\/\/api.w.org\/{rel}","templated":true}]}}