{"id":18579,"date":"2023-01-27T18:07:34","date_gmt":"2023-01-27T10:07:34","guid":{"rendered":"https:\/\/hemlinegreen.htl.whale-castle.com\/de\/product\/bh-trager-verschluss\/"},"modified":"2023-01-30T15:53:20","modified_gmt":"2023-01-30T07:53:20","slug":"bh-trager-verschluss","status":"publish","type":"product","link":"https:\/\/hemlinegreen.htl.whale-castle.com\/de\/product\/bh-trager-verschluss\/","title":{"rendered":"BH-Tr\u00e4ger Verschluss"},"content":{"rendered":"<p>Verwandeln Sie jeden BH in einen Crossback-BH. Enthaltene Farben, Schwarz, Wei\u00df, Transparent. Einfach und bequem zu verwenden. Passt auf jeden BH-Tr\u00e4ger. Verbergen Sie die BH-Tr\u00e4ger, damit sie nicht sichtbar sind. H\u00f6henverstellbare BH-Schnalle.<\/p>\n","protected":false},"excerpt":{"rendered":"<p>Verwandeln Sie jeden BH in einen Crossback-BH. Enthaltene Farben, Schwarz, Wei\u00df, Transparent. Einfach und bequem zu verwenden. Passt auf jeden BH-Tr\u00e4ger. Verbergen Sie die BH-Tr\u00e4ger, damit sie nicht sichtbar sind. H\u00f6henverstellbare BH-Schnalle.<\/p>\n","protected":false},"featured_media":14215,"template":"","meta":{"_mi_skip_tracking":false},"product_cat":[12390],"product_tag":[12389],"_links":{"self":[{"href":"https:\/\/hemlinegreen.htl.whale-castle.com\/de\/wp-json\/wp\/v2\/product\/18579"}],"collection":[{"href":"https:\/\/hemlinegreen.htl.whale-castle.com\/de\/wp-json\/wp\/v2\/product"}],"about":[{"href":"https:\/\/hemlinegreen.htl.whale-castle.com\/de\/wp-json\/wp\/v2\/types\/product"}],"wp:featuredmedia":[{"embeddable":true,"href":"https:\/\/hemlinegreen.htl.whale-castle.com\/de\/wp-json\/wp\/v2\/media\/14215"}],"wp:attachment":[{"href":"https:\/\/hemlinegreen.htl.whale-castle.com\/de\/wp-json\/wp\/v2\/media?parent=18579"}],"wp:term":[{"taxonomy":"product_cat","embeddable":true,"href":"https:\/\/hemlinegreen.htl.whale-castle.com\/de\/wp-json\/wp\/v2\/product_cat?post=18579"},{"taxonomy":"product_tag","embeddable":true,"href":"https:\/\/hemlinegreen.htl.whale-castle.com\/de\/wp-json\/wp\/v2\/product_tag?post=18579"}],"curies":[{"name":"wp","href":"https:\/\/api.w.org\/{rel}","templated":true}]}}