{"id":18578,"date":"2023-01-27T18:07:34","date_gmt":"2023-01-27T10:07:34","guid":{"rendered":"https:\/\/hemlinegreen.htl.whale-castle.com\/de\/product\/hemdenknopfe\/"},"modified":"2023-01-30T15:53:20","modified_gmt":"2023-01-30T07:53:20","slug":"hemdenknopfe","status":"publish","type":"product","link":"https:\/\/hemlinegreen.htl.whale-castle.com\/de\/product\/hemdenknopfe\/","title":{"rendered":"Hemdenkn\u00f6pfe"},"content":{"rendered":"<p>Praktische Ersatzkn\u00f6pfe f\u00fcr Hemden, Schlafanz\u00fcge etc.<\/p>\n","protected":false},"excerpt":{"rendered":"<p>Praktische Ersatzkn\u00f6pfe f\u00fcr Hemden, Schlafanz\u00fcge etc.<\/p>\n","protected":false},"featured_media":14213,"template":"","meta":{"_mi_skip_tracking":false},"product_cat":[12323],"product_tag":[12388],"_links":{"self":[{"href":"https:\/\/hemlinegreen.htl.whale-castle.com\/de\/wp-json\/wp\/v2\/product\/18578"}],"collection":[{"href":"https:\/\/hemlinegreen.htl.whale-castle.com\/de\/wp-json\/wp\/v2\/product"}],"about":[{"href":"https:\/\/hemlinegreen.htl.whale-castle.com\/de\/wp-json\/wp\/v2\/types\/product"}],"wp:featuredmedia":[{"embeddable":true,"href":"https:\/\/hemlinegreen.htl.whale-castle.com\/de\/wp-json\/wp\/v2\/media\/14213"}],"wp:attachment":[{"href":"https:\/\/hemlinegreen.htl.whale-castle.com\/de\/wp-json\/wp\/v2\/media?parent=18578"}],"wp:term":[{"taxonomy":"product_cat","embeddable":true,"href":"https:\/\/hemlinegreen.htl.whale-castle.com\/de\/wp-json\/wp\/v2\/product_cat?post=18578"},{"taxonomy":"product_tag","embeddable":true,"href":"https:\/\/hemlinegreen.htl.whale-castle.com\/de\/wp-json\/wp\/v2\/product_tag?post=18578"}],"curies":[{"name":"wp","href":"https:\/\/api.w.org\/{rel}","templated":true}]}}