{"id":18571,"date":"2023-01-27T18:07:25","date_gmt":"2023-01-27T10:07:25","guid":{"rendered":"https:\/\/hemlinegreen.htl.whale-castle.com\/de\/product\/presstuch\/"},"modified":"2023-01-30T15:53:18","modified_gmt":"2023-01-30T07:53:18","slug":"presstuch","status":"publish","type":"product","link":"https:\/\/hemlinegreen.htl.whale-castle.com\/de\/product\/presstuch\/","title":{"rendered":"Presstuch"},"content":{"rendered":"<p>Sch\u00fctzt den Stoff vor Sonneneinstrahlung, Brandflecken, Druckstellen und Wasserflecken. Kann bei hohen Temperaturen verwendet werden. Lichtdurchl\u00e4ssiger Stoff erm\u00f6glicht eine einfache Ausrichtung. Hilft den Stoff zu sch\u00fctzen. 100 % Seidenorganza.<\/p>\n","protected":false},"excerpt":{"rendered":"<p>Sch\u00fctzt den Stoff vor Sonneneinstrahlung, Brandflecken, Druckstellen und Wasserflecken. Kann bei hohen Temperaturen verwendet werden. Lichtdurchl\u00e4ssiger Stoff erm\u00f6glicht eine einfache Ausrichtung. Hilft den Stoff zu sch\u00fctzen. 100 % Seidenorganza.<\/p>\n","protected":false},"featured_media":14199,"template":"","meta":{"_mi_skip_tracking":false},"product_cat":[12381],"product_tag":[12380],"_links":{"self":[{"href":"https:\/\/hemlinegreen.htl.whale-castle.com\/de\/wp-json\/wp\/v2\/product\/18571"}],"collection":[{"href":"https:\/\/hemlinegreen.htl.whale-castle.com\/de\/wp-json\/wp\/v2\/product"}],"about":[{"href":"https:\/\/hemlinegreen.htl.whale-castle.com\/de\/wp-json\/wp\/v2\/types\/product"}],"wp:featuredmedia":[{"embeddable":true,"href":"https:\/\/hemlinegreen.htl.whale-castle.com\/de\/wp-json\/wp\/v2\/media\/14199"}],"wp:attachment":[{"href":"https:\/\/hemlinegreen.htl.whale-castle.com\/de\/wp-json\/wp\/v2\/media?parent=18571"}],"wp:term":[{"taxonomy":"product_cat","embeddable":true,"href":"https:\/\/hemlinegreen.htl.whale-castle.com\/de\/wp-json\/wp\/v2\/product_cat?post=18571"},{"taxonomy":"product_tag","embeddable":true,"href":"https:\/\/hemlinegreen.htl.whale-castle.com\/de\/wp-json\/wp\/v2\/product_tag?post=18571"}],"curies":[{"name":"wp","href":"https:\/\/api.w.org\/{rel}","templated":true}]}}