{"id":18570,"date":"2023-01-27T18:07:24","date_gmt":"2023-01-27T10:07:24","guid":{"rendered":"https:\/\/hemlinegreen.htl.whale-castle.com\/de\/product\/vlies\/"},"modified":"2023-01-30T15:53:18","modified_gmt":"2023-01-30T07:53:18","slug":"vlies","status":"publish","type":"product","link":"https:\/\/hemlinegreen.htl.whale-castle.com\/de\/product\/vlies\/","title":{"rendered":"Vlies"},"content":{"rendered":"<p>Zum einn\u00e4hen. Festes und stabiles Vlies f\u00fcr schattierte Bereiche in Kleidungsst\u00fccken, Manschetten, Kragen und G\u00fcrteln. Mittlere Festigkeit.<\/p>\n","protected":false},"excerpt":{"rendered":"<p>https:\/\/www.youtube.com\/watch?v=Nqw1FKneKy4<\/p>\n","protected":false},"featured_media":14197,"template":"","meta":{"_mi_skip_tracking":false},"product_cat":[12379],"product_tag":[12378],"_links":{"self":[{"href":"https:\/\/hemlinegreen.htl.whale-castle.com\/de\/wp-json\/wp\/v2\/product\/18570"}],"collection":[{"href":"https:\/\/hemlinegreen.htl.whale-castle.com\/de\/wp-json\/wp\/v2\/product"}],"about":[{"href":"https:\/\/hemlinegreen.htl.whale-castle.com\/de\/wp-json\/wp\/v2\/types\/product"}],"wp:featuredmedia":[{"embeddable":true,"href":"https:\/\/hemlinegreen.htl.whale-castle.com\/de\/wp-json\/wp\/v2\/media\/14197"}],"wp:attachment":[{"href":"https:\/\/hemlinegreen.htl.whale-castle.com\/de\/wp-json\/wp\/v2\/media?parent=18570"}],"wp:term":[{"taxonomy":"product_cat","embeddable":true,"href":"https:\/\/hemlinegreen.htl.whale-castle.com\/de\/wp-json\/wp\/v2\/product_cat?post=18570"},{"taxonomy":"product_tag","embeddable":true,"href":"https:\/\/hemlinegreen.htl.whale-castle.com\/de\/wp-json\/wp\/v2\/product_tag?post=18570"}],"curies":[{"name":"wp","href":"https:\/\/api.w.org\/{rel}","templated":true}]}}