{"id":18558,"date":"2023-01-27T18:07:20","date_gmt":"2023-01-27T10:07:20","guid":{"rendered":"https:\/\/hemlinegreen.htl.whale-castle.com\/de\/product\/sofortnahnadeln\/"},"modified":"2023-01-30T15:53:17","modified_gmt":"2023-01-30T07:53:17","slug":"sofortnahnadeln","status":"publish","type":"product","link":"https:\/\/hemlinegreen.htl.whale-castle.com\/de\/product\/sofortnahnadeln\/","title":{"rendered":"Sofortn\u00e4hnadeln"},"content":{"rendered":"<p>Eingef\u00e4delte Handnadeln, gebrauchsfertig. Ideal f\u00fcr Reisen und unterwegs. Eingef\u00e4delte Handnadeln, gebrauchsfertig. In verschiedenen Farben. Geeignet zum Ersetzen von Kn\u00f6pfen und anderen Sofortreparaturen. Mit 2 Ersatzkn\u00f6pfen. Ideal f\u00fcr Reisen und unterwegs.<\/p>\n","protected":false},"excerpt":{"rendered":"<p>Eingef\u00e4delte Handnadeln, gebrauchsfertig. Ideal f\u00fcr Reisen und unterwegs. Eingef\u00e4delte Handnadeln, gebrauchsfertig. In verschiedenen Farben. Geeignet zum Ersetzen von Kn\u00f6pfen und anderen Sofortreparaturen. Mit 2 Ersatzkn\u00f6pfen. Ideal f\u00fcr Reisen und unterwegs.<\/p>\n","protected":false},"featured_media":14173,"template":"","meta":{"_mi_skip_tracking":false},"product_cat":[12364],"product_tag":[12363],"_links":{"self":[{"href":"https:\/\/hemlinegreen.htl.whale-castle.com\/de\/wp-json\/wp\/v2\/product\/18558"}],"collection":[{"href":"https:\/\/hemlinegreen.htl.whale-castle.com\/de\/wp-json\/wp\/v2\/product"}],"about":[{"href":"https:\/\/hemlinegreen.htl.whale-castle.com\/de\/wp-json\/wp\/v2\/types\/product"}],"wp:featuredmedia":[{"embeddable":true,"href":"https:\/\/hemlinegreen.htl.whale-castle.com\/de\/wp-json\/wp\/v2\/media\/14173"}],"wp:attachment":[{"href":"https:\/\/hemlinegreen.htl.whale-castle.com\/de\/wp-json\/wp\/v2\/media?parent=18558"}],"wp:term":[{"taxonomy":"product_cat","embeddable":true,"href":"https:\/\/hemlinegreen.htl.whale-castle.com\/de\/wp-json\/wp\/v2\/product_cat?post=18558"},{"taxonomy":"product_tag","embeddable":true,"href":"https:\/\/hemlinegreen.htl.whale-castle.com\/de\/wp-json\/wp\/v2\/product_tag?post=18558"}],"curies":[{"name":"wp","href":"https:\/\/api.w.org\/{rel}","templated":true}]}}