{"id":18555,"date":"2023-01-27T18:07:19","date_gmt":"2023-01-27T10:07:19","guid":{"rendered":"https:\/\/hemlinegreen.htl.whale-castle.com\/de\/product\/stecknadeln-fur-kloppelspitzen\/"},"modified":"2023-01-30T15:53:16","modified_gmt":"2023-01-30T07:53:16","slug":"stecknadeln-fur-kloppelspitzen","status":"publish","type":"product","link":"https:\/\/hemlinegreen.htl.whale-castle.com\/de\/product\/stecknadeln-fur-kloppelspitzen\/","title":{"rendered":"Stecknadeln f\u00fcr Kl\u00f6ppelspitzen"},"content":{"rendered":"<p>Vernickelter Stahl. Perlenkopf. Gro\u00dfer Perlenkopf. F\u00fcr Hemd und Brautmode.<\/p>\n","protected":false},"excerpt":{"rendered":"<p>Vernickelter Stahl. Perlenkopf. Gro\u00dfer Perlenkopf. F\u00fcr Hemd und Brautmode.<\/p>\n","protected":false},"featured_media":14167,"template":"","meta":{"_mi_skip_tracking":false},"product_cat":[12359],"product_tag":[12361],"_links":{"self":[{"href":"https:\/\/hemlinegreen.htl.whale-castle.com\/de\/wp-json\/wp\/v2\/product\/18555"}],"collection":[{"href":"https:\/\/hemlinegreen.htl.whale-castle.com\/de\/wp-json\/wp\/v2\/product"}],"about":[{"href":"https:\/\/hemlinegreen.htl.whale-castle.com\/de\/wp-json\/wp\/v2\/types\/product"}],"wp:featuredmedia":[{"embeddable":true,"href":"https:\/\/hemlinegreen.htl.whale-castle.com\/de\/wp-json\/wp\/v2\/media\/14167"}],"wp:attachment":[{"href":"https:\/\/hemlinegreen.htl.whale-castle.com\/de\/wp-json\/wp\/v2\/media?parent=18555"}],"wp:term":[{"taxonomy":"product_cat","embeddable":true,"href":"https:\/\/hemlinegreen.htl.whale-castle.com\/de\/wp-json\/wp\/v2\/product_cat?post=18555"},{"taxonomy":"product_tag","embeddable":true,"href":"https:\/\/hemlinegreen.htl.whale-castle.com\/de\/wp-json\/wp\/v2\/product_tag?post=18555"}],"curies":[{"name":"wp","href":"https:\/\/api.w.org\/{rel}","templated":true}]}}