{"id":18554,"date":"2023-01-27T18:07:18","date_gmt":"2023-01-27T10:07:18","guid":{"rendered":"https:\/\/hemlinegreen.htl.whale-castle.com\/de\/product\/stahlstecknadeln\/"},"modified":"2023-01-30T15:53:16","modified_gmt":"2023-01-30T07:53:16","slug":"stahlstecknadeln","status":"publish","type":"product","link":"https:\/\/hemlinegreen.htl.whale-castle.com\/de\/product\/stahlstecknadeln\/","title":{"rendered":"Stahlstecknadeln"},"content":{"rendered":"<p>Edelstahl. Wiederverwendbare Aufbewahrungsbox mit 6 F\u00e4chern. Stahlstecknadeln in Standardgr\u00f6\u00dfe, geeignet f\u00fcr den allgemeinen Gebrauch.<\/p>\n","protected":false},"excerpt":{"rendered":"<p>Edelstahl. Wiederverwendbare Aufbewahrungsbox mit 6 F\u00e4chern. Stahlstecknadeln in Standardgr\u00f6\u00dfe, geeignet f\u00fcr den allgemeinen Gebrauch.<\/p>\n","protected":false},"featured_media":14165,"template":"","meta":{"_mi_skip_tracking":false},"product_cat":[12359],"product_tag":[12360],"_links":{"self":[{"href":"https:\/\/hemlinegreen.htl.whale-castle.com\/de\/wp-json\/wp\/v2\/product\/18554"}],"collection":[{"href":"https:\/\/hemlinegreen.htl.whale-castle.com\/de\/wp-json\/wp\/v2\/product"}],"about":[{"href":"https:\/\/hemlinegreen.htl.whale-castle.com\/de\/wp-json\/wp\/v2\/types\/product"}],"wp:featuredmedia":[{"embeddable":true,"href":"https:\/\/hemlinegreen.htl.whale-castle.com\/de\/wp-json\/wp\/v2\/media\/14165"}],"wp:attachment":[{"href":"https:\/\/hemlinegreen.htl.whale-castle.com\/de\/wp-json\/wp\/v2\/media?parent=18554"}],"wp:term":[{"taxonomy":"product_cat","embeddable":true,"href":"https:\/\/hemlinegreen.htl.whale-castle.com\/de\/wp-json\/wp\/v2\/product_cat?post=18554"},{"taxonomy":"product_tag","embeddable":true,"href":"https:\/\/hemlinegreen.htl.whale-castle.com\/de\/wp-json\/wp\/v2\/product_tag?post=18554"}],"curies":[{"name":"wp","href":"https:\/\/api.w.org\/{rel}","templated":true}]}}