{"id":18546,"date":"2023-01-27T18:07:16","date_gmt":"2023-01-27T10:07:16","guid":{"rendered":"https:\/\/hemlinegreen.htl.whale-castle.com\/de\/product\/haftverschlussband-zum-annahen\/"},"modified":"2023-01-30T15:53:15","modified_gmt":"2023-01-30T07:53:15","slug":"haftverschlussband-zum-annahen","status":"publish","type":"product","link":"https:\/\/hemlinegreen.htl.whale-castle.com\/de\/product\/haftverschlussband-zum-annahen\/","title":{"rendered":"Haftverschlussband zum Ann\u00e4hen"},"content":{"rendered":"<p>Geeignet f\u00fcr alle Arten von Anwendungen, bei denen eine schnelle und einfache Befestigung erforderlich ist. Stark und langlebig, rostet nicht und ist komplett einstellbar. Es kann auf Kleidungsst\u00fccke f\u00fcr Verschl\u00fcsse und eine Vielzahl anderer Materialien gen\u00e4ht werden.<\/p>\n","protected":false},"excerpt":{"rendered":"<p>Geeignet f\u00fcr alle Arten von Anwendungen, bei denen eine schnelle und einfache Befestigung erforderlich ist. Stark und langlebig, rostet nicht und ist komplett einstellbar. Es kann auf Kleidungsst\u00fccke f\u00fcr Verschl\u00fcsse und eine Vielzahl anderer Materialien gen\u00e4ht werden.<\/p>\n","protected":false},"featured_media":14149,"template":"","meta":{"_mi_skip_tracking":false},"product_cat":[12355],"product_tag":[12354],"_links":{"self":[{"href":"https:\/\/hemlinegreen.htl.whale-castle.com\/de\/wp-json\/wp\/v2\/product\/18546"}],"collection":[{"href":"https:\/\/hemlinegreen.htl.whale-castle.com\/de\/wp-json\/wp\/v2\/product"}],"about":[{"href":"https:\/\/hemlinegreen.htl.whale-castle.com\/de\/wp-json\/wp\/v2\/types\/product"}],"wp:featuredmedia":[{"embeddable":true,"href":"https:\/\/hemlinegreen.htl.whale-castle.com\/de\/wp-json\/wp\/v2\/media\/14149"}],"wp:attachment":[{"href":"https:\/\/hemlinegreen.htl.whale-castle.com\/de\/wp-json\/wp\/v2\/media?parent=18546"}],"wp:term":[{"taxonomy":"product_cat","embeddable":true,"href":"https:\/\/hemlinegreen.htl.whale-castle.com\/de\/wp-json\/wp\/v2\/product_cat?post=18546"},{"taxonomy":"product_tag","embeddable":true,"href":"https:\/\/hemlinegreen.htl.whale-castle.com\/de\/wp-json\/wp\/v2\/product_tag?post=18546"}],"curies":[{"name":"wp","href":"https:\/\/api.w.org\/{rel}","templated":true}]}}