{"id":18544,"date":"2023-01-27T18:07:15","date_gmt":"2023-01-27T10:07:15","guid":{"rendered":"https:\/\/hemlinegreen.htl.whale-castle.com\/de\/product\/sport-elastik\/"},"modified":"2023-01-30T15:53:14","modified_gmt":"2023-01-30T07:53:14","slug":"sport-elastik","status":"publish","type":"product","link":"https:\/\/hemlinegreen.htl.whale-castle.com\/de\/product\/sport-elastik\/","title":{"rendered":"Sport Elastik"},"content":{"rendered":"<p>Weich und flexibel, ideal f\u00fcr Sport und Nachtw\u00e4sche. L\u00e4sst sich leicht an jedes Kleidungsst\u00fcck Ihrer Wahl anbringen.<\/p>\n","protected":false},"excerpt":{"rendered":"<p>Weich und flexibel, ideal f\u00fcr Sport und Nachtw\u00e4sche. L\u00e4sst sich leicht an jedes Kleidungsst\u00fcck Ihrer Wahl anbringen.<\/p>\n","protected":false},"featured_media":14145,"template":"","meta":{"_mi_skip_tracking":false},"product_cat":[12351],"product_tag":[12350],"_links":{"self":[{"href":"https:\/\/hemlinegreen.htl.whale-castle.com\/de\/wp-json\/wp\/v2\/product\/18544"}],"collection":[{"href":"https:\/\/hemlinegreen.htl.whale-castle.com\/de\/wp-json\/wp\/v2\/product"}],"about":[{"href":"https:\/\/hemlinegreen.htl.whale-castle.com\/de\/wp-json\/wp\/v2\/types\/product"}],"wp:featuredmedia":[{"embeddable":true,"href":"https:\/\/hemlinegreen.htl.whale-castle.com\/de\/wp-json\/wp\/v2\/media\/14145"}],"wp:attachment":[{"href":"https:\/\/hemlinegreen.htl.whale-castle.com\/de\/wp-json\/wp\/v2\/media?parent=18544"}],"wp:term":[{"taxonomy":"product_cat","embeddable":true,"href":"https:\/\/hemlinegreen.htl.whale-castle.com\/de\/wp-json\/wp\/v2\/product_cat?post=18544"},{"taxonomy":"product_tag","embeddable":true,"href":"https:\/\/hemlinegreen.htl.whale-castle.com\/de\/wp-json\/wp\/v2\/product_tag?post=18544"}],"curies":[{"name":"wp","href":"https:\/\/api.w.org\/{rel}","templated":true}]}}