{"id":18543,"date":"2023-01-27T18:07:15","date_gmt":"2023-01-27T10:07:15","guid":{"rendered":"https:\/\/hemlinegreen.htl.whale-castle.com\/de\/product\/elastik\/"},"modified":"2023-01-30T15:53:14","modified_gmt":"2023-01-30T07:53:14","slug":"elastik","status":"publish","type":"product","link":"https:\/\/hemlinegreen.htl.whale-castle.com\/de\/product\/elastik\/","title":{"rendered":"Elastik"},"content":{"rendered":"<p>Elastik mit dekorativem Rand und weicher R\u00fcckseite. Bietet gro\u00dfen Komfort auf der Haut. Latexfrei. L\u00e4sst sich leicht an jedes Kleidungsst\u00fcck Ihrer Wahl anbringen<\/p>\n","protected":false},"excerpt":{"rendered":"<p>Elastik mit dekorativem Rand und weicher R\u00fcckseite. Bietet gro\u00dfen Komfort auf der Haut. Latexfrei. L\u00e4sst sich leicht an jedes Kleidungsst\u00fcck Ihrer Wahl anbringen<\/p>\n","protected":false},"featured_media":14143,"template":"","meta":{"_mi_skip_tracking":false},"product_cat":[12349],"product_tag":[12348],"_links":{"self":[{"href":"https:\/\/hemlinegreen.htl.whale-castle.com\/de\/wp-json\/wp\/v2\/product\/18543"}],"collection":[{"href":"https:\/\/hemlinegreen.htl.whale-castle.com\/de\/wp-json\/wp\/v2\/product"}],"about":[{"href":"https:\/\/hemlinegreen.htl.whale-castle.com\/de\/wp-json\/wp\/v2\/types\/product"}],"wp:featuredmedia":[{"embeddable":true,"href":"https:\/\/hemlinegreen.htl.whale-castle.com\/de\/wp-json\/wp\/v2\/media\/14143"}],"wp:attachment":[{"href":"https:\/\/hemlinegreen.htl.whale-castle.com\/de\/wp-json\/wp\/v2\/media?parent=18543"}],"wp:term":[{"taxonomy":"product_cat","embeddable":true,"href":"https:\/\/hemlinegreen.htl.whale-castle.com\/de\/wp-json\/wp\/v2\/product_cat?post=18543"},{"taxonomy":"product_tag","embeddable":true,"href":"https:\/\/hemlinegreen.htl.whale-castle.com\/de\/wp-json\/wp\/v2\/product_tag?post=18543"}],"curies":[{"name":"wp","href":"https:\/\/api.w.org\/{rel}","templated":true}]}}