{"id":18542,"date":"2023-01-27T18:07:15","date_gmt":"2023-01-27T10:07:15","guid":{"rendered":"https:\/\/hemlinegreen.htl.whale-castle.com\/de\/product\/knopfloch-elastik\/"},"modified":"2023-01-30T15:53:14","modified_gmt":"2023-01-30T07:53:14","slug":"knopfloch-elastik","status":"publish","type":"product","link":"https:\/\/hemlinegreen.htl.whale-castle.com\/de\/product\/knopfloch-elastik\/","title":{"rendered":"Knopfloch Elastik"},"content":{"rendered":"<p>Elastik mit gleichm\u00e4\u00dfig verteilten Knopfl\u00f6chern, die eine Anpassung der Taillenb\u00e4nder erm\u00f6glichen. Erm\u00f6glicht das Hinzuf\u00fcgen von Kn\u00f6pfen und der Hosenbund kann leicht angepasst werden.<\/p>\n","protected":false},"excerpt":{"rendered":"<p>Elastik mit gleichm\u00e4\u00dfig verteilten Knopfl\u00f6chern, die eine Anpassung der Taillenb\u00e4nder erm\u00f6glichen. Erm\u00f6glicht das Hinzuf\u00fcgen von Kn\u00f6pfen und der Hosenbund kann leicht angepasst werden.<\/p>\n","protected":false},"featured_media":14141,"template":"","meta":{"_mi_skip_tracking":false},"product_cat":[12347],"product_tag":[12346],"_links":{"self":[{"href":"https:\/\/hemlinegreen.htl.whale-castle.com\/de\/wp-json\/wp\/v2\/product\/18542"}],"collection":[{"href":"https:\/\/hemlinegreen.htl.whale-castle.com\/de\/wp-json\/wp\/v2\/product"}],"about":[{"href":"https:\/\/hemlinegreen.htl.whale-castle.com\/de\/wp-json\/wp\/v2\/types\/product"}],"wp:featuredmedia":[{"embeddable":true,"href":"https:\/\/hemlinegreen.htl.whale-castle.com\/de\/wp-json\/wp\/v2\/media\/14141"}],"wp:attachment":[{"href":"https:\/\/hemlinegreen.htl.whale-castle.com\/de\/wp-json\/wp\/v2\/media?parent=18542"}],"wp:term":[{"taxonomy":"product_cat","embeddable":true,"href":"https:\/\/hemlinegreen.htl.whale-castle.com\/de\/wp-json\/wp\/v2\/product_cat?post=18542"},{"taxonomy":"product_tag","embeddable":true,"href":"https:\/\/hemlinegreen.htl.whale-castle.com\/de\/wp-json\/wp\/v2\/product_tag?post=18542"}],"curies":[{"name":"wp","href":"https:\/\/api.w.org\/{rel}","templated":true}]}}