{"id":18539,"date":"2023-01-27T18:07:09","date_gmt":"2023-01-27T10:07:09","guid":{"rendered":"https:\/\/hemlinegreen.htl.whale-castle.com\/de\/product\/non-slip-elastik\/"},"modified":"2023-01-30T15:53:13","modified_gmt":"2023-01-30T07:53:13","slug":"non-slip-elastik","status":"publish","type":"product","link":"https:\/\/hemlinegreen.htl.whale-castle.com\/de\/product\/non-slip-elastik\/","title":{"rendered":"Non-Slip Elastik"},"content":{"rendered":"<p>Non-Slip &#8211; Geflochten. Geripptes Elastik. Geripptes Elastik ist stark und widerstandsf\u00e4hig. Widersteht Rollen und Verdrehen. Wird haupts\u00e4chlich f\u00fcr schwerere Stoffprojekte verwendet.<\/p>\n","protected":false},"excerpt":{"rendered":"<p>Non-Slip &#8211; Geflochten. Geripptes Elastik. Geripptes Elastik ist stark und widerstandsf\u00e4hig. Widersteht Rollen und Verdrehen. Wird haupts\u00e4chlich f\u00fcr schwerere Stoffprojekte verwendet.<\/p>\n","protected":false},"featured_media":14135,"template":"","meta":{"_mi_skip_tracking":false},"product_cat":[12345],"product_tag":[12344],"_links":{"self":[{"href":"https:\/\/hemlinegreen.htl.whale-castle.com\/de\/wp-json\/wp\/v2\/product\/18539"}],"collection":[{"href":"https:\/\/hemlinegreen.htl.whale-castle.com\/de\/wp-json\/wp\/v2\/product"}],"about":[{"href":"https:\/\/hemlinegreen.htl.whale-castle.com\/de\/wp-json\/wp\/v2\/types\/product"}],"wp:featuredmedia":[{"embeddable":true,"href":"https:\/\/hemlinegreen.htl.whale-castle.com\/de\/wp-json\/wp\/v2\/media\/14135"}],"wp:attachment":[{"href":"https:\/\/hemlinegreen.htl.whale-castle.com\/de\/wp-json\/wp\/v2\/media?parent=18539"}],"wp:term":[{"taxonomy":"product_cat","embeddable":true,"href":"https:\/\/hemlinegreen.htl.whale-castle.com\/de\/wp-json\/wp\/v2\/product_cat?post=18539"},{"taxonomy":"product_tag","embeddable":true,"href":"https:\/\/hemlinegreen.htl.whale-castle.com\/de\/wp-json\/wp\/v2\/product_tag?post=18539"}],"curies":[{"name":"wp","href":"https:\/\/api.w.org\/{rel}","templated":true}]}}