{"id":18534,"date":"2023-01-27T18:07:07","date_gmt":"2023-01-27T10:07:07","guid":{"rendered":"https:\/\/hemlinegreen.htl.whale-castle.com\/de\/product\/bund-elastik-4\/"},"modified":"2023-01-30T15:53:12","modified_gmt":"2023-01-30T07:53:12","slug":"bund-elastik-4","status":"publish","type":"product","link":"https:\/\/hemlinegreen.htl.whale-castle.com\/de\/product\/bund-elastik-4\/","title":{"rendered":"Bund Elastik"},"content":{"rendered":"<p>Polyester bester Qualit\u00e4t. Gewebtes Elastik ist stark und widerstandsf\u00e4hig. Widersteht Rollen und Verdrehen. Wird vielfach f\u00fcr schwere Stoffprojekte verwendet. Sehr beliebt f\u00fcr Hosenb\u00fcnde.<\/p>\n","protected":false},"excerpt":{"rendered":"<p>Polyester bester Qualit\u00e4t. Gewebtes Elastik ist stark und widerstandsf\u00e4hig. Widersteht Rollen und Verdrehen. Wird vielfach f\u00fcr schwere Stoffprojekte verwendet. Sehr beliebt f\u00fcr Hosenb\u00fcnde.<\/p>\n","protected":false},"featured_media":14125,"template":"","meta":{"_mi_skip_tracking":false},"product_cat":[12343],"product_tag":[12342],"_links":{"self":[{"href":"https:\/\/hemlinegreen.htl.whale-castle.com\/de\/wp-json\/wp\/v2\/product\/18534"}],"collection":[{"href":"https:\/\/hemlinegreen.htl.whale-castle.com\/de\/wp-json\/wp\/v2\/product"}],"about":[{"href":"https:\/\/hemlinegreen.htl.whale-castle.com\/de\/wp-json\/wp\/v2\/types\/product"}],"wp:featuredmedia":[{"embeddable":true,"href":"https:\/\/hemlinegreen.htl.whale-castle.com\/de\/wp-json\/wp\/v2\/media\/14125"}],"wp:attachment":[{"href":"https:\/\/hemlinegreen.htl.whale-castle.com\/de\/wp-json\/wp\/v2\/media?parent=18534"}],"wp:term":[{"taxonomy":"product_cat","embeddable":true,"href":"https:\/\/hemlinegreen.htl.whale-castle.com\/de\/wp-json\/wp\/v2\/product_cat?post=18534"},{"taxonomy":"product_tag","embeddable":true,"href":"https:\/\/hemlinegreen.htl.whale-castle.com\/de\/wp-json\/wp\/v2\/product_tag?post=18534"}],"curies":[{"name":"wp","href":"https:\/\/api.w.org\/{rel}","templated":true}]}}