{"id":18531,"date":"2023-01-27T18:07:06","date_gmt":"2023-01-27T10:07:06","guid":{"rendered":"https:\/\/hemlinegreen.htl.whale-castle.com\/de\/product\/bund-elastik\/"},"modified":"2023-01-30T15:53:12","modified_gmt":"2023-01-30T07:53:12","slug":"bund-elastik","status":"publish","type":"product","link":"https:\/\/hemlinegreen.htl.whale-castle.com\/de\/product\/bund-elastik\/","title":{"rendered":"Bund Elastik"},"content":{"rendered":"<p>Gewebtes Elastik ist stark und widerstandsf\u00e4hig. Widersteht Rollen und Verdrehen. Wird vielfach f\u00fcr schwere<br \/>\nStoffprojekte verwendet. Sehr beliebt f\u00fcr Hosenb\u00fcnde.<\/p>\n","protected":false},"excerpt":{"rendered":"<p>Gewebtes Elastik ist stark und widerstandsf\u00e4hig. Widersteht Rollen und Verdrehen. Wird vielfach f\u00fcr schwere Stoffprojekte verwendet. Sehr beliebt f\u00fcr Hosenb\u00fcnde.<\/p>\n","protected":false},"featured_media":14119,"template":"","meta":{"_mi_skip_tracking":false},"product_cat":[12343],"product_tag":[12342],"_links":{"self":[{"href":"https:\/\/hemlinegreen.htl.whale-castle.com\/de\/wp-json\/wp\/v2\/product\/18531"}],"collection":[{"href":"https:\/\/hemlinegreen.htl.whale-castle.com\/de\/wp-json\/wp\/v2\/product"}],"about":[{"href":"https:\/\/hemlinegreen.htl.whale-castle.com\/de\/wp-json\/wp\/v2\/types\/product"}],"wp:featuredmedia":[{"embeddable":true,"href":"https:\/\/hemlinegreen.htl.whale-castle.com\/de\/wp-json\/wp\/v2\/media\/14119"}],"wp:attachment":[{"href":"https:\/\/hemlinegreen.htl.whale-castle.com\/de\/wp-json\/wp\/v2\/media?parent=18531"}],"wp:term":[{"taxonomy":"product_cat","embeddable":true,"href":"https:\/\/hemlinegreen.htl.whale-castle.com\/de\/wp-json\/wp\/v2\/product_cat?post=18531"},{"taxonomy":"product_tag","embeddable":true,"href":"https:\/\/hemlinegreen.htl.whale-castle.com\/de\/wp-json\/wp\/v2\/product_tag?post=18531"}],"curies":[{"name":"wp","href":"https:\/\/api.w.org\/{rel}","templated":true}]}}