{"id":18530,"date":"2023-01-27T18:07:06","date_gmt":"2023-01-27T10:07:06","guid":{"rendered":"https:\/\/hemlinegreen.htl.whale-castle.com\/de\/product\/standard-elastik-8\/"},"modified":"2023-01-30T15:53:12","modified_gmt":"2023-01-30T07:53:12","slug":"standard-elastik-8","status":"publish","type":"product","link":"https:\/\/hemlinegreen.htl.whale-castle.com\/de\/product\/standard-elastik-8\/","title":{"rendered":"Standard Elastik"},"content":{"rendered":"<p>Geflochten &#8211; 9mm. Das geflochtene Elastik ist ein beliebtes Allzweck-Elastik, da es stark und langlebig ist. Es wird haupts\u00e4chlich mit Stoffh\u00fcllen verwendet, kann aber auch f\u00fcr Badebekleidung verwendet werden.<\/p>\n","protected":false},"excerpt":{"rendered":"<p>Geflochten &#8211; 9mm. Das geflochtene Elastik ist ein beliebtes Allzweck-Elastik, da es stark und langlebig ist. Es wird haupts\u00e4chlich mit Stoffh\u00fcllen verwendet, kann aber auch f\u00fcr Badebekleidung verwendet werden.<\/p>\n","protected":false},"featured_media":14117,"template":"","meta":{"_mi_skip_tracking":false},"product_cat":[12337],"product_tag":[12336],"_links":{"self":[{"href":"https:\/\/hemlinegreen.htl.whale-castle.com\/de\/wp-json\/wp\/v2\/product\/18530"}],"collection":[{"href":"https:\/\/hemlinegreen.htl.whale-castle.com\/de\/wp-json\/wp\/v2\/product"}],"about":[{"href":"https:\/\/hemlinegreen.htl.whale-castle.com\/de\/wp-json\/wp\/v2\/types\/product"}],"wp:featuredmedia":[{"embeddable":true,"href":"https:\/\/hemlinegreen.htl.whale-castle.com\/de\/wp-json\/wp\/v2\/media\/14117"}],"wp:attachment":[{"href":"https:\/\/hemlinegreen.htl.whale-castle.com\/de\/wp-json\/wp\/v2\/media?parent=18530"}],"wp:term":[{"taxonomy":"product_cat","embeddable":true,"href":"https:\/\/hemlinegreen.htl.whale-castle.com\/de\/wp-json\/wp\/v2\/product_cat?post=18530"},{"taxonomy":"product_tag","embeddable":true,"href":"https:\/\/hemlinegreen.htl.whale-castle.com\/de\/wp-json\/wp\/v2\/product_tag?post=18530"}],"curies":[{"name":"wp","href":"https:\/\/api.w.org\/{rel}","templated":true}]}}