{"id":18528,"date":"2023-01-27T18:07:05","date_gmt":"2023-01-27T10:07:05","guid":{"rendered":"https:\/\/hemlinegreen.htl.whale-castle.com\/de\/product\/breit-elastik-6\/"},"modified":"2023-01-30T15:53:11","modified_gmt":"2023-01-30T07:53:11","slug":"breit-elastik-6","status":"publish","type":"product","link":"https:\/\/hemlinegreen.htl.whale-castle.com\/de\/product\/breit-elastik-6\/","title":{"rendered":"Breit Elastik"},"content":{"rendered":"<p>Gestricktes Elastik ist weich, dehnbar und wird in einer Vielzahl von Anwendungen verwendet. Am beliebtesten<br \/>\nf\u00fcr Sportbekleidung, Trainingsanz\u00fcgen und Unterw\u00e4sche.<\/p>\n","protected":false},"excerpt":{"rendered":"<p>Gestricktes Elastik ist weich, dehnbar und wird in einer Vielzahl von Anwendungen verwendet. Am beliebtesten f\u00fcr Sportbekleidung, Trainingsanz\u00fcgen und Unterw\u00e4sche.<\/p>\n","protected":false},"featured_media":14113,"template":"","meta":{"_mi_skip_tracking":false},"product_cat":[12339],"product_tag":[12338],"_links":{"self":[{"href":"https:\/\/hemlinegreen.htl.whale-castle.com\/de\/wp-json\/wp\/v2\/product\/18528"}],"collection":[{"href":"https:\/\/hemlinegreen.htl.whale-castle.com\/de\/wp-json\/wp\/v2\/product"}],"about":[{"href":"https:\/\/hemlinegreen.htl.whale-castle.com\/de\/wp-json\/wp\/v2\/types\/product"}],"wp:featuredmedia":[{"embeddable":true,"href":"https:\/\/hemlinegreen.htl.whale-castle.com\/de\/wp-json\/wp\/v2\/media\/14113"}],"wp:attachment":[{"href":"https:\/\/hemlinegreen.htl.whale-castle.com\/de\/wp-json\/wp\/v2\/media?parent=18528"}],"wp:term":[{"taxonomy":"product_cat","embeddable":true,"href":"https:\/\/hemlinegreen.htl.whale-castle.com\/de\/wp-json\/wp\/v2\/product_cat?post=18528"},{"taxonomy":"product_tag","embeddable":true,"href":"https:\/\/hemlinegreen.htl.whale-castle.com\/de\/wp-json\/wp\/v2\/product_tag?post=18528"}],"curies":[{"name":"wp","href":"https:\/\/api.w.org\/{rel}","templated":true}]}}