{"id":18517,"date":"2023-01-27T18:07:01","date_gmt":"2023-01-27T10:07:01","guid":{"rendered":"https:\/\/hemlinegreen.htl.whale-castle.com\/de\/product\/standard-elastik-2\/"},"modified":"2023-01-30T15:53:10","modified_gmt":"2023-01-30T07:53:10","slug":"standard-elastik-2","status":"publish","type":"product","link":"https:\/\/hemlinegreen.htl.whale-castle.com\/de\/product\/standard-elastik-2\/","title":{"rendered":"Standard Elastik"},"content":{"rendered":"<p>Gestrickt &#8211; 25mm.Gestricktes Elastik ist weich, dehnbar und wird in einer Vielzahl von Anwendungen verwendet. Am beliebtesten f\u00fcr Sportbekleidung, Trainingsanz\u00fcgen und Unterw\u00e4sche.<\/p>\n","protected":false},"excerpt":{"rendered":"<p>Gestrickt &#8211; 25mm.Gestricktes Elastik ist weich, dehnbar und wird in einer Vielzahl von Anwendungen verwendet. Am beliebtesten f\u00fcr Sportbekleidung, Trainingsanz\u00fcgen und Unterw\u00e4sche.<\/p>\n","protected":false},"featured_media":14091,"template":"","meta":{"_mi_skip_tracking":false},"product_cat":[12337],"product_tag":[12336],"_links":{"self":[{"href":"https:\/\/hemlinegreen.htl.whale-castle.com\/de\/wp-json\/wp\/v2\/product\/18517"}],"collection":[{"href":"https:\/\/hemlinegreen.htl.whale-castle.com\/de\/wp-json\/wp\/v2\/product"}],"about":[{"href":"https:\/\/hemlinegreen.htl.whale-castle.com\/de\/wp-json\/wp\/v2\/types\/product"}],"wp:featuredmedia":[{"embeddable":true,"href":"https:\/\/hemlinegreen.htl.whale-castle.com\/de\/wp-json\/wp\/v2\/media\/14091"}],"wp:attachment":[{"href":"https:\/\/hemlinegreen.htl.whale-castle.com\/de\/wp-json\/wp\/v2\/media?parent=18517"}],"wp:term":[{"taxonomy":"product_cat","embeddable":true,"href":"https:\/\/hemlinegreen.htl.whale-castle.com\/de\/wp-json\/wp\/v2\/product_cat?post=18517"},{"taxonomy":"product_tag","embeddable":true,"href":"https:\/\/hemlinegreen.htl.whale-castle.com\/de\/wp-json\/wp\/v2\/product_tag?post=18517"}],"curies":[{"name":"wp","href":"https:\/\/api.w.org\/{rel}","templated":true}]}}