{"id":18512,"date":"2023-01-27T18:06:58","date_gmt":"2023-01-27T10:06:58","guid":{"rendered":"https:\/\/hemlinegreen.htl.whale-castle.com\/de\/product\/krausel-elastik-2\/"},"modified":"2023-01-30T15:53:10","modified_gmt":"2023-01-30T07:53:10","slug":"krausel-elastik-2","status":"publish","type":"product","link":"https:\/\/hemlinegreen.htl.whale-castle.com\/de\/product\/krausel-elastik-2\/","title":{"rendered":"Kr\u00e4usel Elastik"},"content":{"rendered":"<p>100% Polyester. Zum einfachen Smoken und Kr\u00e4useln von Stoffen. Faltenbesatz. Verst\u00e4rkung von B\u00fcndchen in<br \/>\nStrickwaren. Zum Kr\u00e4useln von Stoffen.<\/p>\n","protected":false},"excerpt":{"rendered":"<p>https:\/\/www.youtube.com\/watch?v=_dRN-Wl_3kE<\/p>\n","protected":false},"featured_media":14081,"template":"","meta":{"_mi_skip_tracking":false},"product_cat":[12332],"product_tag":[12333],"_links":{"self":[{"href":"https:\/\/hemlinegreen.htl.whale-castle.com\/de\/wp-json\/wp\/v2\/product\/18512"}],"collection":[{"href":"https:\/\/hemlinegreen.htl.whale-castle.com\/de\/wp-json\/wp\/v2\/product"}],"about":[{"href":"https:\/\/hemlinegreen.htl.whale-castle.com\/de\/wp-json\/wp\/v2\/types\/product"}],"wp:featuredmedia":[{"embeddable":true,"href":"https:\/\/hemlinegreen.htl.whale-castle.com\/de\/wp-json\/wp\/v2\/media\/14081"}],"wp:attachment":[{"href":"https:\/\/hemlinegreen.htl.whale-castle.com\/de\/wp-json\/wp\/v2\/media?parent=18512"}],"wp:term":[{"taxonomy":"product_cat","embeddable":true,"href":"https:\/\/hemlinegreen.htl.whale-castle.com\/de\/wp-json\/wp\/v2\/product_cat?post=18512"},{"taxonomy":"product_tag","embeddable":true,"href":"https:\/\/hemlinegreen.htl.whale-castle.com\/de\/wp-json\/wp\/v2\/product_tag?post=18512"}],"curies":[{"name":"wp","href":"https:\/\/api.w.org\/{rel}","templated":true}]}}