{"id":18504,"date":"2023-01-27T18:06:51","date_gmt":"2023-01-27T10:06:51","guid":{"rendered":"https:\/\/hemlinegreen.htl.whale-castle.com\/de\/product\/baumwollband-2\/"},"modified":"2023-01-30T15:53:08","modified_gmt":"2023-01-30T07:53:08","slug":"baumwollband-2","status":"publish","type":"product","link":"https:\/\/hemlinegreen.htl.whale-castle.com\/de\/product\/baumwollband-2\/","title":{"rendered":"Baumwollband"},"content":{"rendered":"<p>100% Baumwolle. Vielseitiges, nicht dehnbares Band zum N\u00e4hen, Basteln und f\u00fcr den allgemeinen Gebrauch. N\u00e4hen Sie entlang der Nahtlinie, um zu verhindern, dass sich die N\u00e4hte auf Strickstoffen dehnen. Als Band an Bastelprojekten verwenden. Zur Herstellung von Zugb\u00e4ndern an Taschen. Zur Herstellung von Schlaufen zum Aufh\u00e4ngen von Kleidungsst\u00fccken. Waschmaschinenfest.<\/p>\n","protected":false},"excerpt":{"rendered":"<p>100% Baumwolle. Vielseitiges, nicht dehnbares Band zum N\u00e4hen, Basteln und f\u00fcr den allgemeinen Gebrauch. N\u00e4hen Sie entlang der Nahtlinie, um zu verhindern, dass sich die N\u00e4hte auf Strickstoffen dehnen. Als Band an Bastelprojekten verwenden. Zur Herstellung von Zugb\u00e4ndern an Taschen. Zur Herstellung von Schlaufen zum Aufh\u00e4ngen von Kleidungsst\u00fccken. Waschmaschinenfest.<\/p>\n","protected":false},"featured_media":14065,"template":"","meta":{"_mi_skip_tracking":false},"product_cat":[12330],"product_tag":[12328],"_links":{"self":[{"href":"https:\/\/hemlinegreen.htl.whale-castle.com\/de\/wp-json\/wp\/v2\/product\/18504"}],"collection":[{"href":"https:\/\/hemlinegreen.htl.whale-castle.com\/de\/wp-json\/wp\/v2\/product"}],"about":[{"href":"https:\/\/hemlinegreen.htl.whale-castle.com\/de\/wp-json\/wp\/v2\/types\/product"}],"wp:featuredmedia":[{"embeddable":true,"href":"https:\/\/hemlinegreen.htl.whale-castle.com\/de\/wp-json\/wp\/v2\/media\/14065"}],"wp:attachment":[{"href":"https:\/\/hemlinegreen.htl.whale-castle.com\/de\/wp-json\/wp\/v2\/media?parent=18504"}],"wp:term":[{"taxonomy":"product_cat","embeddable":true,"href":"https:\/\/hemlinegreen.htl.whale-castle.com\/de\/wp-json\/wp\/v2\/product_cat?post=18504"},{"taxonomy":"product_tag","embeddable":true,"href":"https:\/\/hemlinegreen.htl.whale-castle.com\/de\/wp-json\/wp\/v2\/product_tag?post=18504"}],"curies":[{"name":"wp","href":"https:\/\/api.w.org\/{rel}","templated":true}]}}